{"id":9282,"date":"2020-10-01T11:24:22","date_gmt":"2020-10-01T09:24:22","guid":{"rendered":"https:\/\/www.usabroadhc.com\/mediateca-medica\/apnea-ostruttiva-nel-sonno\/"},"modified":"2020-10-01T11:24:25","modified_gmt":"2020-10-01T09:24:25","slug":"apnea-ostruttiva-nel-sonno","status":"publish","type":"page","link":"https:\/\/www.usabroadhc.com\/it\/mediateca-medica\/apnea-ostruttiva-nel-sonno\/","title":{"rendered":"Apnea ostruttiva nel sonno"},"content":{"rendered":"<div class=\"wpb-content-wrapper\"><p>[vc_row row_height_percent=&#8221;0&#8243; overlay_alpha=&#8221;50&#8243; gutter_size=&#8221;4&#8243; column_width_percent=&#8221;100&#8243; shift_y=&#8221;0&#8243; z_index=&#8221;0&#8243;][vc_column width=&#8221;1\/1&#8243;][vc_custom_heading text_size=&#8221;h3&#8243; separator=&#8221;yes&#8221;]Malattie e disturbi[\/vc_custom_heading][vc_column_text text_lead=&#8221;yes&#8221; css_animation=&#8221;bottom-t-top&#8221; css=&#8221;.vc_custom_1599748967200{padding-top: 30px !important;padding-bottom: 30px !important;}&#8221;]<\/p>\n<p>L&#8217;apnea notturna \u00e8 forse il pi\u00f9 comune di tutti i disturbi del sonno e colpisce, per esempio, circa diciotto milioni di persone nei soli Stati Uniti. Un disturbo del sonno che \u00e8 caratterizzato da respirazione interrotta durante il sonno, l&#8217;apnea notturna, \u00e8 anche innegabilmente il pi\u00f9 pericoloso dei disturbi del sonno perch\u00e9 priva il cervello di ossigeno essenziale, cosa che talvolta si rivela fatale.<\/p>\n<p>E\u2019 importante avvalersi di una consulenza medica professionale nella ricerca di cure. Se pensate di avere un&#8217;emergenza medica, chiamate immediatamente il vostro medico o chiamate il 118.<\/p>\n<p>[\/vc_column_text][vc_single_image media=&#8221;8023&#8243; media_width_percent=&#8221;100&#8243; shape=&#8221;img-round&#8221; radius=&#8221;lg&#8221; shadow=&#8221;yes&#8221; shadow_weight=&#8221;std&#8221; css_animation=&#8221;alpha-anim&#8221;][vc_empty_space empty_h=&#8221;2&#8243;][vc_custom_heading text_size=&#8221;h3&#8243; separator=&#8221;yes&#8221;]Descrizione della patologia[\/vc_custom_heading][vc_column_text text_lead=&#8221;yes&#8221; css_animation=&#8221;bottom-t-top&#8221; css=&#8221;.vc_custom_1599749001840{padding-top: 30px !important;padding-bottom: 30px !important;}&#8221;]<\/p>\n<p>Esistono due forme totalmente distinte di apnea notturna. L&#8217;apnea notturna centrale \u00e8 essenzialmente un disturbo neurologico in cui la respirazione viene interrotta a causa dei segnali inviati dal cervello. L&#8217;apnea ostruttiva del sonno al contrario \u00e8 essenzialmente un problema meccanico in cui la trachea \u00e8 bloccata da un eccesso di tessuto o dall&#8217;insolito rilassamento o collasso dei muscoli attorno alla trachea. In entrambi i casi, tuttavia, i risultati sono essenzialmente identici e si esprime con interruzioni ricorrenti della normale respirazione, che privano il cervello di ossigeno e mettono i malati a maggior rischio di ipertensione, infarto e ictus.<\/p>\n<p>[\/vc_column_text][vc_empty_space empty_h=&#8221;2&#8243;][\/vc_column][\/vc_row][vc_row][vc_column width=&#8221;1\/1&#8243;][uncode_block id=&#8221;8006&#8243;][\/vc_column][\/vc_row]<\/p>\n<\/div>","protected":false},"excerpt":{"rendered":"<p>[vc_row row_height_percent=&#8221;0&#8243; overlay_alpha=&#8221;50&#8243; gutter_size=&#8221;4&#8243; column_width_percent=&#8221;100&#8243; shift_y=&#8221;0&#8243; z_index=&#8221;0&#8243;][vc_column width=&#8221;1\/1&#8243;][vc_custom_heading text_size=&#8221;h3&#8243; separator=&#8221;yes&#8221;]Malattie e disturbi[\/vc_custom_heading][vc_column_text text_lead=&#8221;yes&#8221; css_animation=&#8221;bottom-t-top&#8221; css=&#8221;.vc_custom_1599748967200{padding-top: 30px !important;padding-bottom: 30px !important;}&#8221;] L&#8217;apnea [&hellip;]<\/p>\n","protected":false},"author":2,"featured_media":0,"parent":8922,"menu_order":0,"comment_status":"closed","ping_status":"closed","template":"","meta":{"_monsterinsights_skip_tracking":false,"_monsterinsights_sitenote_active":false,"_monsterinsights_sitenote_note":"","_monsterinsights_sitenote_category":0,"footnotes":""},"class_list":["post-9282","page","type-page","status-publish","hentry","page_category-mediateca-medica"],"yoast_head":"<!-- This site is optimized with the Yoast SEO plugin v27.6 - https:\/\/yoast.com\/product\/yoast-seo-wordpress\/ -->\n<title>Apnea ostruttiva nel sonno - Vicenza - U.S.Abroad Medical Care<\/title>\n<meta name=\"robots\" content=\"index, follow, max-snippet:-1, max-image-preview:large, max-video-preview:-1\" \/>\n<link rel=\"canonical\" href=\"https:\/\/www.usabroadhc.com\/it\/mediateca-medica\/apnea-ostruttiva-nel-sonno\/\" \/>\n<meta property=\"og:locale\" content=\"it_IT\" \/>\n<meta property=\"og:type\" content=\"article\" \/>\n<meta property=\"og:title\" content=\"Apnea ostruttiva nel sonno - Vicenza - U.S.Abroad Medical Care\" \/>\n<meta property=\"og:description\" content=\"[vc_row row_height_percent=&#8221;0&#8243; overlay_alpha=&#8221;50&#8243; gutter_size=&#8221;4&#8243; column_width_percent=&#8221;100&#8243; shift_y=&#8221;0&#8243; z_index=&#8221;0&#8243;][vc_column width=&#8221;1\/1&#8243;][vc_custom_heading text_size=&#8221;h3&#8243; separator=&#8221;yes&#8221;]Malattie e disturbi[\/vc_custom_heading][vc_column_text text_lead=&#8221;yes&#8221; css_animation=&#8221;bottom-t-top&#8221; css=&#8221;.vc_custom_1599748967200{padding-top: 30px !important;padding-bottom: 30px !important;}&#8221;] L&#8217;apnea [&hellip;]\" \/>\n<meta property=\"og:url\" content=\"https:\/\/www.usabroadhc.com\/it\/mediateca-medica\/apnea-ostruttiva-nel-sonno\/\" \/>\n<meta property=\"og:site_name\" content=\"Vicenza - U.S.Abroad Medical Care\" \/>\n<meta property=\"article:publisher\" content=\"https:\/\/www.facebook.com\/usabroadhc\/\" \/>\n<meta property=\"article:modified_time\" content=\"2020-10-01T09:24:25+00:00\" \/>\n<meta name=\"twitter:card\" content=\"summary_large_image\" \/>\n<meta name=\"twitter:site\" content=\"@usabroadhc\" \/>\n<meta name=\"twitter:label1\" content=\"Tempo di lettura stimato\" \/>\n\t<meta name=\"twitter:data1\" content=\"2 minuti\" \/>\n<script type=\"application\/ld+json\" class=\"yoast-schema-graph\">{\"@context\":\"https:\\\/\\\/schema.org\",\"@graph\":[{\"@type\":\"WebPage\",\"@id\":\"https:\\\/\\\/www.usabroadhc.com\\\/it\\\/mediateca-medica\\\/apnea-ostruttiva-nel-sonno\\\/\",\"url\":\"https:\\\/\\\/www.usabroadhc.com\\\/it\\\/mediateca-medica\\\/apnea-ostruttiva-nel-sonno\\\/\",\"name\":\"Apnea ostruttiva nel sonno - Vicenza - U.S.Abroad Medical Care\",\"isPartOf\":{\"@id\":\"https:\\\/\\\/www.usabroadhc.com\\\/it\\\/#website\"},\"datePublished\":\"2020-10-01T09:24:22+00:00\",\"dateModified\":\"2020-10-01T09:24:25+00:00\",\"breadcrumb\":{\"@id\":\"https:\\\/\\\/www.usabroadhc.com\\\/it\\\/mediateca-medica\\\/apnea-ostruttiva-nel-sonno\\\/#breadcrumb\"},\"inLanguage\":\"it-IT\",\"potentialAction\":[{\"@type\":\"ReadAction\",\"target\":[\"https:\\\/\\\/www.usabroadhc.com\\\/it\\\/mediateca-medica\\\/apnea-ostruttiva-nel-sonno\\\/\"]}]},{\"@type\":\"BreadcrumbList\",\"@id\":\"https:\\\/\\\/www.usabroadhc.com\\\/it\\\/mediateca-medica\\\/apnea-ostruttiva-nel-sonno\\\/#breadcrumb\",\"itemListElement\":[{\"@type\":\"ListItem\",\"position\":1,\"name\":\"Home\",\"item\":\"https:\\\/\\\/www.usabroadhc.com\\\/it\\\/\"},{\"@type\":\"ListItem\",\"position\":2,\"name\":\"Mediateca medica\",\"item\":\"https:\\\/\\\/www.usabroadhc.com\\\/it\\\/mediateca-medica\\\/\"},{\"@type\":\"ListItem\",\"position\":3,\"name\":\"Apnea ostruttiva nel sonno\"}]},{\"@type\":\"WebSite\",\"@id\":\"https:\\\/\\\/www.usabroadhc.com\\\/it\\\/#website\",\"url\":\"https:\\\/\\\/www.usabroadhc.com\\\/it\\\/\",\"name\":\"U.S.Abroad Medical Care - Vicenza\",\"description\":\"Health, Dentist and medical care for Americans in Italy\",\"publisher\":{\"@id\":\"https:\\\/\\\/www.usabroadhc.com\\\/it\\\/#organization\"},\"potentialAction\":[{\"@type\":\"SearchAction\",\"target\":{\"@type\":\"EntryPoint\",\"urlTemplate\":\"https:\\\/\\\/www.usabroadhc.com\\\/it\\\/?s={search_term_string}\"},\"query-input\":{\"@type\":\"PropertyValueSpecification\",\"valueRequired\":true,\"valueName\":\"search_term_string\"}}],\"inLanguage\":\"it-IT\"},{\"@type\":\"Organization\",\"@id\":\"https:\\\/\\\/www.usabroadhc.com\\\/it\\\/#organization\",\"name\":\"USAbroad Health Care\",\"url\":\"https:\\\/\\\/www.usabroadhc.com\\\/it\\\/\",\"logo\":{\"@type\":\"ImageObject\",\"inLanguage\":\"it-IT\",\"@id\":\"https:\\\/\\\/www.usabroadhc.com\\\/it\\\/#\\\/schema\\\/logo\\\/image\\\/\",\"url\":\"https:\\\/\\\/www.usabroadhc.com\\\/wp-content\\\/uploads\\\/2016\\\/09\\\/USHC-logo-5A.png\",\"contentUrl\":\"https:\\\/\\\/www.usabroadhc.com\\\/wp-content\\\/uploads\\\/2016\\\/09\\\/USHC-logo-5A.png\",\"width\":323,\"height\":84,\"caption\":\"USAbroad Health Care\"},\"image\":{\"@id\":\"https:\\\/\\\/www.usabroadhc.com\\\/it\\\/#\\\/schema\\\/logo\\\/image\\\/\"},\"sameAs\":[\"https:\\\/\\\/www.facebook.com\\\/usabroadhc\\\/\",\"https:\\\/\\\/x.com\\\/usabroadhc\"]}]}<\/script>\n<!-- \/ Yoast SEO plugin. -->","yoast_head_json":{"title":"Apnea ostruttiva nel sonno - Vicenza - U.S.Abroad Medical Care","robots":{"index":"index","follow":"follow","max-snippet":"max-snippet:-1","max-image-preview":"max-image-preview:large","max-video-preview":"max-video-preview:-1"},"canonical":"https:\/\/www.usabroadhc.com\/it\/mediateca-medica\/apnea-ostruttiva-nel-sonno\/","og_locale":"it_IT","og_type":"article","og_title":"Apnea ostruttiva nel sonno - Vicenza - U.S.Abroad Medical Care","og_description":"[vc_row row_height_percent=&#8221;0&#8243; overlay_alpha=&#8221;50&#8243; gutter_size=&#8221;4&#8243; column_width_percent=&#8221;100&#8243; shift_y=&#8221;0&#8243; z_index=&#8221;0&#8243;][vc_column width=&#8221;1\/1&#8243;][vc_custom_heading text_size=&#8221;h3&#8243; separator=&#8221;yes&#8221;]Malattie e disturbi[\/vc_custom_heading][vc_column_text text_lead=&#8221;yes&#8221; css_animation=&#8221;bottom-t-top&#8221; css=&#8221;.vc_custom_1599748967200{padding-top: 30px !important;padding-bottom: 30px !important;}&#8221;] L&#8217;apnea [&hellip;]","og_url":"https:\/\/www.usabroadhc.com\/it\/mediateca-medica\/apnea-ostruttiva-nel-sonno\/","og_site_name":"Vicenza - U.S.Abroad Medical Care","article_publisher":"https:\/\/www.facebook.com\/usabroadhc\/","article_modified_time":"2020-10-01T09:24:25+00:00","twitter_card":"summary_large_image","twitter_site":"@usabroadhc","twitter_misc":{"Tempo di lettura stimato":"2 minuti"},"schema":{"@context":"https:\/\/schema.org","@graph":[{"@type":"WebPage","@id":"https:\/\/www.usabroadhc.com\/it\/mediateca-medica\/apnea-ostruttiva-nel-sonno\/","url":"https:\/\/www.usabroadhc.com\/it\/mediateca-medica\/apnea-ostruttiva-nel-sonno\/","name":"Apnea ostruttiva nel sonno - Vicenza - U.S.Abroad Medical Care","isPartOf":{"@id":"https:\/\/www.usabroadhc.com\/it\/#website"},"datePublished":"2020-10-01T09:24:22+00:00","dateModified":"2020-10-01T09:24:25+00:00","breadcrumb":{"@id":"https:\/\/www.usabroadhc.com\/it\/mediateca-medica\/apnea-ostruttiva-nel-sonno\/#breadcrumb"},"inLanguage":"it-IT","potentialAction":[{"@type":"ReadAction","target":["https:\/\/www.usabroadhc.com\/it\/mediateca-medica\/apnea-ostruttiva-nel-sonno\/"]}]},{"@type":"BreadcrumbList","@id":"https:\/\/www.usabroadhc.com\/it\/mediateca-medica\/apnea-ostruttiva-nel-sonno\/#breadcrumb","itemListElement":[{"@type":"ListItem","position":1,"name":"Home","item":"https:\/\/www.usabroadhc.com\/it\/"},{"@type":"ListItem","position":2,"name":"Mediateca medica","item":"https:\/\/www.usabroadhc.com\/it\/mediateca-medica\/"},{"@type":"ListItem","position":3,"name":"Apnea ostruttiva nel sonno"}]},{"@type":"WebSite","@id":"https:\/\/www.usabroadhc.com\/it\/#website","url":"https:\/\/www.usabroadhc.com\/it\/","name":"U.S.Abroad Medical Care - Vicenza","description":"Health, Dentist and medical care for Americans in Italy","publisher":{"@id":"https:\/\/www.usabroadhc.com\/it\/#organization"},"potentialAction":[{"@type":"SearchAction","target":{"@type":"EntryPoint","urlTemplate":"https:\/\/www.usabroadhc.com\/it\/?s={search_term_string}"},"query-input":{"@type":"PropertyValueSpecification","valueRequired":true,"valueName":"search_term_string"}}],"inLanguage":"it-IT"},{"@type":"Organization","@id":"https:\/\/www.usabroadhc.com\/it\/#organization","name":"USAbroad Health Care","url":"https:\/\/www.usabroadhc.com\/it\/","logo":{"@type":"ImageObject","inLanguage":"it-IT","@id":"https:\/\/www.usabroadhc.com\/it\/#\/schema\/logo\/image\/","url":"https:\/\/www.usabroadhc.com\/wp-content\/uploads\/2016\/09\/USHC-logo-5A.png","contentUrl":"https:\/\/www.usabroadhc.com\/wp-content\/uploads\/2016\/09\/USHC-logo-5A.png","width":323,"height":84,"caption":"USAbroad Health Care"},"image":{"@id":"https:\/\/www.usabroadhc.com\/it\/#\/schema\/logo\/image\/"},"sameAs":["https:\/\/www.facebook.com\/usabroadhc\/","https:\/\/x.com\/usabroadhc"]}]}},"_links":{"self":[{"href":"https:\/\/www.usabroadhc.com\/it\/wp-json\/wp\/v2\/pages\/9282","targetHints":{"allow":["GET"]}}],"collection":[{"href":"https:\/\/www.usabroadhc.com\/it\/wp-json\/wp\/v2\/pages"}],"about":[{"href":"https:\/\/www.usabroadhc.com\/it\/wp-json\/wp\/v2\/types\/page"}],"author":[{"embeddable":true,"href":"https:\/\/www.usabroadhc.com\/it\/wp-json\/wp\/v2\/users\/2"}],"replies":[{"embeddable":true,"href":"https:\/\/www.usabroadhc.com\/it\/wp-json\/wp\/v2\/comments?post=9282"}],"version-history":[{"count":2,"href":"https:\/\/www.usabroadhc.com\/it\/wp-json\/wp\/v2\/pages\/9282\/revisions"}],"predecessor-version":[{"id":9286,"href":"https:\/\/www.usabroadhc.com\/it\/wp-json\/wp\/v2\/pages\/9282\/revisions\/9286"}],"up":[{"embeddable":true,"href":"https:\/\/www.usabroadhc.com\/it\/wp-json\/wp\/v2\/pages\/8922"}],"wp:attachment":[{"href":"https:\/\/www.usabroadhc.com\/it\/wp-json\/wp\/v2\/media?parent=9282"}],"curies":[{"name":"wp","href":"https:\/\/api.w.org\/{rel}","templated":true}]}}