{"id":9278,"date":"2020-10-01T11:21:53","date_gmt":"2020-10-01T09:21:53","guid":{"rendered":"https:\/\/www.usabroadhc.com\/mediateca-medica\/virus-hiv\/"},"modified":"2020-10-01T11:21:57","modified_gmt":"2020-10-01T09:21:57","slug":"virus-hiv","status":"publish","type":"page","link":"https:\/\/www.usabroadhc.com\/it\/mediateca-medica\/virus-hiv\/","title":{"rendered":"Virus HIV"},"content":{"rendered":"<div class=\"wpb-content-wrapper\"><p>[vc_row row_height_percent=&#8221;0&#8243; overlay_alpha=&#8221;50&#8243; gutter_size=&#8221;4&#8243; column_width_percent=&#8221;100&#8243; shift_y=&#8221;0&#8243; z_index=&#8221;0&#8243;][vc_column width=&#8221;1\/1&#8243;][vc_custom_heading text_size=&#8221;h3&#8243; separator=&#8221;yes&#8221;]Malattia e Disturbi[\/vc_custom_heading][vc_column_text text_lead=&#8221;yes&#8221; css_animation=&#8221;bottom-t-top&#8221; css=&#8221;.vc_custom_1599748830918{padding-top: 30px !important;padding-bottom: 30px !important;}&#8221;]<\/p>\n<p>HIV sta per virus dell&#8217;immunodeficienza umana, che \u00e8 il virus che causa l&#8217;infezione di HIV. L&#8217;abbreviazione &#8220;HIV&#8221; pu\u00f2 riferirsi al virus o all&#8217;infezione da HIV. AIDS sta per sindrome da immunodeficienza acquisita. L&#8217;AIDS \u00e8 lo stadio pi\u00f9 avanzato dell&#8217;infezione da HIV.<br \/>L&#8217;HIV attacca e distrugge le cellule CD4 del sistema immunitario che combattono le infezioni. La perdita di cellule CD4 rende difficile per il corpo combattere le infezioni e alcuni tipi di cancro. Senza trattamento, l&#8217;HIV pu\u00f2 distruggere gradualmente il sistema immunitario e progredire verso l&#8217;AIDS.<br \/><strong>E\u2019 importante avvalersi di una consulenza medica professionale nella ricerca di trattamenti. Se pensate di avere un&#8217;emergenza medica, chiamate immediatamente il vostro medico o chiamate il 118.<\/strong><\/p>\n<p>[\/vc_column_text][vc_single_image media=&#8221;8020&#8243; media_width_percent=&#8221;100&#8243; shape=&#8221;img-round&#8221; radius=&#8221;lg&#8221; shadow=&#8221;yes&#8221; shadow_weight=&#8221;std&#8221; css_animation=&#8221;alpha-anim&#8221;][vc_empty_space empty_h=&#8221;2&#8243;][vc_custom_heading text_size=&#8221;h3&#8243; separator=&#8221;yes&#8221;]Descrizione della condizione medica[\/vc_custom_heading][vc_column_text text_lead=&#8221;yes&#8221; css_animation=&#8221;bottom-t-top&#8221; css=&#8221;.vc_custom_1599748878100{padding-top: 30px !important;padding-bottom: 30px !important;}&#8221;]<\/p>\n<ul>\n<li>L&#8217;HIV \u00e8 il virus che causa l&#8217;infezione da HIV. L&#8217;AIDS \u00e8 lo stadio pi\u00f9 avanzato dell&#8217;infezione da HIV.<\/li>\n<li>L&#8217;HIV si diffonde attraverso il contatto con il sangue, lo sperma, il liquido pre-seminale, i liquidi rettali, i liquidi vaginali o il latte materno di una persona infetta da HIV. L&#8217;HIV si diffonde principalmente facendo sesso anale o vaginale o condividendo attrezzature per l&#8217;iniezione di droghe con una persona infetta da HIV.<\/li>\n<li>L&#8217;uso di medicinali contro l&#8217;HIV per trattare l&#8217;infezione da HIV \u00e8 chiamato terapia antiretrovirale (ART). L&#8217;ART prevede l&#8217;assunzione giornaliera di una combinazione di medicinali per l&#8217;HIV (chiamato regime per l&#8217;HIV).<\/li>\n<li>L&#8217;ART non pu\u00f2 curare l&#8217;infezione da HIV, ma pu\u00f2 aiutare le persone infette da HIV a vivere una vita pi\u00f9 lunga e pi\u00f9 sana. I medicinali per l&#8217;HIV possono anche ridurre il rischio di trasmissione dell&#8217;HIV.<\/li>\n<\/ul>\n<p>[\/vc_column_text][vc_empty_space empty_h=&#8221;2&#8243;][\/vc_column][\/vc_row][vc_row][vc_column width=&#8221;1\/1&#8243;][uncode_block id=&#8221;8006&#8243;][\/vc_column][\/vc_row]<\/p>\n<\/div>","protected":false},"excerpt":{"rendered":"<p>[vc_row row_height_percent=&#8221;0&#8243; overlay_alpha=&#8221;50&#8243; gutter_size=&#8221;4&#8243; column_width_percent=&#8221;100&#8243; shift_y=&#8221;0&#8243; z_index=&#8221;0&#8243;][vc_column width=&#8221;1\/1&#8243;][vc_custom_heading text_size=&#8221;h3&#8243; separator=&#8221;yes&#8221;]Malattia e Disturbi[\/vc_custom_heading][vc_column_text text_lead=&#8221;yes&#8221; css_animation=&#8221;bottom-t-top&#8221; css=&#8221;.vc_custom_1599748830918{padding-top: 30px !important;padding-bottom: 30px !important;}&#8221;] HIV [&hellip;]<\/p>\n","protected":false},"author":2,"featured_media":0,"parent":8922,"menu_order":0,"comment_status":"closed","ping_status":"closed","template":"","meta":{"_monsterinsights_skip_tracking":false,"_monsterinsights_sitenote_active":false,"_monsterinsights_sitenote_note":"","_monsterinsights_sitenote_category":0,"footnotes":""},"class_list":["post-9278","page","type-page","status-publish","hentry","page_category-mediateca-medica"],"yoast_head":"<!-- This site is optimized with the Yoast SEO plugin v27.6 - https:\/\/yoast.com\/product\/yoast-seo-wordpress\/ -->\n<title>Virus HIV - Vicenza - U.S.Abroad Medical Care<\/title>\n<meta name=\"robots\" content=\"index, follow, max-snippet:-1, max-image-preview:large, max-video-preview:-1\" \/>\n<link rel=\"canonical\" href=\"https:\/\/www.usabroadhc.com\/it\/mediateca-medica\/virus-hiv\/\" \/>\n<meta property=\"og:locale\" content=\"it_IT\" \/>\n<meta property=\"og:type\" content=\"article\" \/>\n<meta property=\"og:title\" content=\"Virus HIV - Vicenza - U.S.Abroad Medical Care\" \/>\n<meta property=\"og:description\" content=\"[vc_row row_height_percent=&#8221;0&#8243; overlay_alpha=&#8221;50&#8243; gutter_size=&#8221;4&#8243; column_width_percent=&#8221;100&#8243; shift_y=&#8221;0&#8243; z_index=&#8221;0&#8243;][vc_column width=&#8221;1\/1&#8243;][vc_custom_heading text_size=&#8221;h3&#8243; separator=&#8221;yes&#8221;]Malattia e Disturbi[\/vc_custom_heading][vc_column_text text_lead=&#8221;yes&#8221; css_animation=&#8221;bottom-t-top&#8221; css=&#8221;.vc_custom_1599748830918{padding-top: 30px !important;padding-bottom: 30px !important;}&#8221;] HIV [&hellip;]\" \/>\n<meta property=\"og:url\" content=\"https:\/\/www.usabroadhc.com\/it\/mediateca-medica\/virus-hiv\/\" \/>\n<meta property=\"og:site_name\" content=\"Vicenza - U.S.Abroad Medical Care\" \/>\n<meta property=\"article:publisher\" content=\"https:\/\/www.facebook.com\/usabroadhc\/\" \/>\n<meta property=\"article:modified_time\" content=\"2020-10-01T09:21:57+00:00\" \/>\n<meta name=\"twitter:card\" content=\"summary_large_image\" \/>\n<meta name=\"twitter:site\" content=\"@usabroadhc\" \/>\n<meta name=\"twitter:label1\" content=\"Tempo di lettura stimato\" \/>\n\t<meta name=\"twitter:data1\" content=\"2 minuti\" \/>\n<script type=\"application\/ld+json\" class=\"yoast-schema-graph\">{\"@context\":\"https:\\\/\\\/schema.org\",\"@graph\":[{\"@type\":\"WebPage\",\"@id\":\"https:\\\/\\\/www.usabroadhc.com\\\/it\\\/mediateca-medica\\\/virus-hiv\\\/\",\"url\":\"https:\\\/\\\/www.usabroadhc.com\\\/it\\\/mediateca-medica\\\/virus-hiv\\\/\",\"name\":\"Virus HIV - Vicenza - U.S.Abroad Medical Care\",\"isPartOf\":{\"@id\":\"https:\\\/\\\/www.usabroadhc.com\\\/it\\\/#website\"},\"datePublished\":\"2020-10-01T09:21:53+00:00\",\"dateModified\":\"2020-10-01T09:21:57+00:00\",\"breadcrumb\":{\"@id\":\"https:\\\/\\\/www.usabroadhc.com\\\/it\\\/mediateca-medica\\\/virus-hiv\\\/#breadcrumb\"},\"inLanguage\":\"it-IT\",\"potentialAction\":[{\"@type\":\"ReadAction\",\"target\":[\"https:\\\/\\\/www.usabroadhc.com\\\/it\\\/mediateca-medica\\\/virus-hiv\\\/\"]}]},{\"@type\":\"BreadcrumbList\",\"@id\":\"https:\\\/\\\/www.usabroadhc.com\\\/it\\\/mediateca-medica\\\/virus-hiv\\\/#breadcrumb\",\"itemListElement\":[{\"@type\":\"ListItem\",\"position\":1,\"name\":\"Home\",\"item\":\"https:\\\/\\\/www.usabroadhc.com\\\/it\\\/\"},{\"@type\":\"ListItem\",\"position\":2,\"name\":\"Mediateca medica\",\"item\":\"https:\\\/\\\/www.usabroadhc.com\\\/it\\\/mediateca-medica\\\/\"},{\"@type\":\"ListItem\",\"position\":3,\"name\":\"Virus HIV\"}]},{\"@type\":\"WebSite\",\"@id\":\"https:\\\/\\\/www.usabroadhc.com\\\/it\\\/#website\",\"url\":\"https:\\\/\\\/www.usabroadhc.com\\\/it\\\/\",\"name\":\"U.S.Abroad Medical Care - Vicenza\",\"description\":\"Health, Dentist and medical care for Americans in Italy\",\"publisher\":{\"@id\":\"https:\\\/\\\/www.usabroadhc.com\\\/it\\\/#organization\"},\"potentialAction\":[{\"@type\":\"SearchAction\",\"target\":{\"@type\":\"EntryPoint\",\"urlTemplate\":\"https:\\\/\\\/www.usabroadhc.com\\\/it\\\/?s={search_term_string}\"},\"query-input\":{\"@type\":\"PropertyValueSpecification\",\"valueRequired\":true,\"valueName\":\"search_term_string\"}}],\"inLanguage\":\"it-IT\"},{\"@type\":\"Organization\",\"@id\":\"https:\\\/\\\/www.usabroadhc.com\\\/it\\\/#organization\",\"name\":\"USAbroad Health Care\",\"url\":\"https:\\\/\\\/www.usabroadhc.com\\\/it\\\/\",\"logo\":{\"@type\":\"ImageObject\",\"inLanguage\":\"it-IT\",\"@id\":\"https:\\\/\\\/www.usabroadhc.com\\\/it\\\/#\\\/schema\\\/logo\\\/image\\\/\",\"url\":\"https:\\\/\\\/www.usabroadhc.com\\\/wp-content\\\/uploads\\\/2016\\\/09\\\/USHC-logo-5A.png\",\"contentUrl\":\"https:\\\/\\\/www.usabroadhc.com\\\/wp-content\\\/uploads\\\/2016\\\/09\\\/USHC-logo-5A.png\",\"width\":323,\"height\":84,\"caption\":\"USAbroad Health Care\"},\"image\":{\"@id\":\"https:\\\/\\\/www.usabroadhc.com\\\/it\\\/#\\\/schema\\\/logo\\\/image\\\/\"},\"sameAs\":[\"https:\\\/\\\/www.facebook.com\\\/usabroadhc\\\/\",\"https:\\\/\\\/x.com\\\/usabroadhc\"]}]}<\/script>\n<!-- \/ Yoast SEO plugin. -->","yoast_head_json":{"title":"Virus HIV - Vicenza - U.S.Abroad Medical Care","robots":{"index":"index","follow":"follow","max-snippet":"max-snippet:-1","max-image-preview":"max-image-preview:large","max-video-preview":"max-video-preview:-1"},"canonical":"https:\/\/www.usabroadhc.com\/it\/mediateca-medica\/virus-hiv\/","og_locale":"it_IT","og_type":"article","og_title":"Virus HIV - Vicenza - U.S.Abroad Medical Care","og_description":"[vc_row row_height_percent=&#8221;0&#8243; overlay_alpha=&#8221;50&#8243; gutter_size=&#8221;4&#8243; column_width_percent=&#8221;100&#8243; shift_y=&#8221;0&#8243; z_index=&#8221;0&#8243;][vc_column width=&#8221;1\/1&#8243;][vc_custom_heading text_size=&#8221;h3&#8243; separator=&#8221;yes&#8221;]Malattia e Disturbi[\/vc_custom_heading][vc_column_text text_lead=&#8221;yes&#8221; css_animation=&#8221;bottom-t-top&#8221; css=&#8221;.vc_custom_1599748830918{padding-top: 30px !important;padding-bottom: 30px !important;}&#8221;] HIV [&hellip;]","og_url":"https:\/\/www.usabroadhc.com\/it\/mediateca-medica\/virus-hiv\/","og_site_name":"Vicenza - U.S.Abroad Medical Care","article_publisher":"https:\/\/www.facebook.com\/usabroadhc\/","article_modified_time":"2020-10-01T09:21:57+00:00","twitter_card":"summary_large_image","twitter_site":"@usabroadhc","twitter_misc":{"Tempo di lettura stimato":"2 minuti"},"schema":{"@context":"https:\/\/schema.org","@graph":[{"@type":"WebPage","@id":"https:\/\/www.usabroadhc.com\/it\/mediateca-medica\/virus-hiv\/","url":"https:\/\/www.usabroadhc.com\/it\/mediateca-medica\/virus-hiv\/","name":"Virus HIV - Vicenza - U.S.Abroad Medical Care","isPartOf":{"@id":"https:\/\/www.usabroadhc.com\/it\/#website"},"datePublished":"2020-10-01T09:21:53+00:00","dateModified":"2020-10-01T09:21:57+00:00","breadcrumb":{"@id":"https:\/\/www.usabroadhc.com\/it\/mediateca-medica\/virus-hiv\/#breadcrumb"},"inLanguage":"it-IT","potentialAction":[{"@type":"ReadAction","target":["https:\/\/www.usabroadhc.com\/it\/mediateca-medica\/virus-hiv\/"]}]},{"@type":"BreadcrumbList","@id":"https:\/\/www.usabroadhc.com\/it\/mediateca-medica\/virus-hiv\/#breadcrumb","itemListElement":[{"@type":"ListItem","position":1,"name":"Home","item":"https:\/\/www.usabroadhc.com\/it\/"},{"@type":"ListItem","position":2,"name":"Mediateca medica","item":"https:\/\/www.usabroadhc.com\/it\/mediateca-medica\/"},{"@type":"ListItem","position":3,"name":"Virus HIV"}]},{"@type":"WebSite","@id":"https:\/\/www.usabroadhc.com\/it\/#website","url":"https:\/\/www.usabroadhc.com\/it\/","name":"U.S.Abroad Medical Care - Vicenza","description":"Health, Dentist and medical care for Americans in Italy","publisher":{"@id":"https:\/\/www.usabroadhc.com\/it\/#organization"},"potentialAction":[{"@type":"SearchAction","target":{"@type":"EntryPoint","urlTemplate":"https:\/\/www.usabroadhc.com\/it\/?s={search_term_string}"},"query-input":{"@type":"PropertyValueSpecification","valueRequired":true,"valueName":"search_term_string"}}],"inLanguage":"it-IT"},{"@type":"Organization","@id":"https:\/\/www.usabroadhc.com\/it\/#organization","name":"USAbroad Health Care","url":"https:\/\/www.usabroadhc.com\/it\/","logo":{"@type":"ImageObject","inLanguage":"it-IT","@id":"https:\/\/www.usabroadhc.com\/it\/#\/schema\/logo\/image\/","url":"https:\/\/www.usabroadhc.com\/wp-content\/uploads\/2016\/09\/USHC-logo-5A.png","contentUrl":"https:\/\/www.usabroadhc.com\/wp-content\/uploads\/2016\/09\/USHC-logo-5A.png","width":323,"height":84,"caption":"USAbroad Health Care"},"image":{"@id":"https:\/\/www.usabroadhc.com\/it\/#\/schema\/logo\/image\/"},"sameAs":["https:\/\/www.facebook.com\/usabroadhc\/","https:\/\/x.com\/usabroadhc"]}]}},"_links":{"self":[{"href":"https:\/\/www.usabroadhc.com\/it\/wp-json\/wp\/v2\/pages\/9278","targetHints":{"allow":["GET"]}}],"collection":[{"href":"https:\/\/www.usabroadhc.com\/it\/wp-json\/wp\/v2\/pages"}],"about":[{"href":"https:\/\/www.usabroadhc.com\/it\/wp-json\/wp\/v2\/types\/page"}],"author":[{"embeddable":true,"href":"https:\/\/www.usabroadhc.com\/it\/wp-json\/wp\/v2\/users\/2"}],"replies":[{"embeddable":true,"href":"https:\/\/www.usabroadhc.com\/it\/wp-json\/wp\/v2\/comments?post=9278"}],"version-history":[{"count":2,"href":"https:\/\/www.usabroadhc.com\/it\/wp-json\/wp\/v2\/pages\/9278\/revisions"}],"predecessor-version":[{"id":9281,"href":"https:\/\/www.usabroadhc.com\/it\/wp-json\/wp\/v2\/pages\/9278\/revisions\/9281"}],"up":[{"embeddable":true,"href":"https:\/\/www.usabroadhc.com\/it\/wp-json\/wp\/v2\/pages\/8922"}],"wp:attachment":[{"href":"https:\/\/www.usabroadhc.com\/it\/wp-json\/wp\/v2\/media?parent=9278"}],"curies":[{"name":"wp","href":"https:\/\/api.w.org\/{rel}","templated":true}]}}