{"id":9186,"date":"2020-10-01T08:41:29","date_gmt":"2020-10-01T06:41:29","guid":{"rendered":"https:\/\/www.usabroadhc.com\/mediateca-medica\/ipertensione\/"},"modified":"2020-10-01T08:41:30","modified_gmt":"2020-10-01T06:41:30","slug":"ipertensione","status":"publish","type":"page","link":"https:\/\/www.usabroadhc.com\/it\/mediateca-medica\/ipertensione\/","title":{"rendered":"Ipertensione"},"content":{"rendered":"<div class=\"wpb-content-wrapper\"><p>[vc_row row_height_percent=&#8221;0&#8243; overlay_alpha=&#8221;50&#8243; gutter_size=&#8221;4&#8243; column_width_percent=&#8221;100&#8243; shift_y=&#8221;0&#8243; z_index=&#8221;0&#8243;][vc_column width=&#8221;1\/1&#8243;][vc_custom_heading text_size=&#8221;h3&#8243; separator=&#8221;yes&#8221;]Malattie e Disturbi[\/vc_custom_heading][vc_column_text text_lead=&#8221;yes&#8221; css_animation=&#8221;bottom-t-top&#8221; css=&#8221;.vc_custom_1599748471947{padding-top: 30px !important;padding-bottom: 30px !important;}&#8221;]<\/p>\n<p>L&#8217;ipertensione sarebbe il termine scelto per descrivere la pressione sanguigna alta. La pressione sanguigna \u00e8 in realt\u00e0 una misurazione proveniente dalla pressione all&#8217;interno delle pareti dei vasi sanguigni arteriosi mentre il cuore pompa il sangue nel corpo.<\/p>\n<p>Nella maggior parte dei casi noterete pochissimi segnal e sintomi riconducibili all\u2019ipertensione.<\/p>\n<p>I sintomi che potrebbero verificarsi sono:<\/p>\n<ul>\n<li>Confusione<\/li>\n<li>Rumore o ronzio dell&#8217;orecchio<\/li>\n<li>Fatica<\/li>\n<li>Mal di testa<\/li>\n<li>Battito cardiaco irregolare<\/li>\n<li>Sangue dal naso<\/li>\n<li>Cambiamenti visivi<\/li>\n<\/ul>\n<p><strong>E\u2019 importante avvalersi di una consulenza medica professionale nella ricerca di cure. Se pensate di avere un&#8217;emergenza medica, chiamate immediatamente il vostro medico o chiamate il 118.<\/strong><\/p>\n<p>[\/vc_column_text][vc_single_image media_width_percent=&#8221;100&#8243; shape=&#8221;img-round&#8221; radius=&#8221;lg&#8221; shadow=&#8221;yes&#8221; shadow_weight=&#8221;std&#8221; css_animation=&#8221;alpha-anim&#8221;][vc_empty_space empty_h=&#8221;2&#8243;][vc_custom_heading text_size=&#8221;h3&#8243; separator=&#8221;yes&#8221;]Descrizione della patologia[\/vc_custom_heading][vc_column_text text_lead=&#8221;yes&#8221; css_animation=&#8221;bottom-t-top&#8221; css=&#8221;.vc_custom_1599748519580{padding-top: 30px !important;padding-bottom: 30px !important;}&#8221;]<\/p>\n<p>La pressione sanguigna \u00e8 la forza del sangue che spinge contro le pareti delle arterie. Ogni volta che il cuore batte, pompa il sangue nelle arterie. La pressione sanguigna \u00e8 pi\u00f9 alta quando il cuore batte, pompando il sangue. Questa si chiama pressione sistolica. Quando il cuore \u00e8 a riposo, tra i battiti, la pressione sanguigna scende. Questa \u00e8 chiamata pressione diastolica.<\/p>\n<p>Per misurare la pressione sanguigna si utilizzano questi due valori. Di solito il valore sistolico precede o supera quello diastolico.<\/p>\n<ul>\n<li>119\/79 \u00e8 la pressione sanguigna normale<\/li>\n<li>140\/90 o superiore, \u00e8 la pressione alta<\/li>\n<li>I valori compresi tra 120 e 139 per il valore pi\u00f9 alto o tra 80 e 89 per quello pi\u00f9 basso definiscono la soglia della preipertensione. Preipertensione significa che potreste arrivare ad avere l\u2019ipertensione, a meno che non prendiate provvedimenti per prevenirla.<\/li>\n<\/ul>\n<p>[\/vc_column_text][vc_empty_space empty_h=&#8221;2&#8243;][\/vc_column][\/vc_row][vc_row][vc_column width=&#8221;1\/1&#8243;][uncode_block id=&#8221;8006&#8243;][\/vc_column][\/vc_row]<\/p>\n<\/div>","protected":false},"excerpt":{"rendered":"<p>[vc_row row_height_percent=&#8221;0&#8243; overlay_alpha=&#8221;50&#8243; gutter_size=&#8221;4&#8243; column_width_percent=&#8221;100&#8243; shift_y=&#8221;0&#8243; z_index=&#8221;0&#8243;][vc_column width=&#8221;1\/1&#8243;][vc_custom_heading text_size=&#8221;h3&#8243; separator=&#8221;yes&#8221;]Malattie e Disturbi[\/vc_custom_heading][vc_column_text text_lead=&#8221;yes&#8221; css_animation=&#8221;bottom-t-top&#8221; css=&#8221;.vc_custom_1599748471947{padding-top: 30px !important;padding-bottom: 30px !important;}&#8221;] L&#8217;ipertensione [&hellip;]<\/p>\n","protected":false},"author":2,"featured_media":0,"parent":8922,"menu_order":0,"comment_status":"closed","ping_status":"closed","template":"","meta":{"_monsterinsights_skip_tracking":false,"_monsterinsights_sitenote_active":false,"_monsterinsights_sitenote_note":"","_monsterinsights_sitenote_category":0,"footnotes":""},"class_list":["post-9186","page","type-page","status-publish","hentry","page_category-mediateca-medica"],"yoast_head":"<!-- This site is optimized with the Yoast SEO plugin v27.6 - https:\/\/yoast.com\/product\/yoast-seo-wordpress\/ -->\n<title>Ipertensione - Vicenza - U.S.Abroad Medical Care<\/title>\n<meta name=\"robots\" content=\"index, follow, max-snippet:-1, max-image-preview:large, max-video-preview:-1\" \/>\n<link rel=\"canonical\" href=\"https:\/\/www.usabroadhc.com\/it\/mediateca-medica\/ipertensione\/\" \/>\n<meta property=\"og:locale\" content=\"it_IT\" \/>\n<meta property=\"og:type\" content=\"article\" \/>\n<meta property=\"og:title\" content=\"Ipertensione - Vicenza - U.S.Abroad Medical Care\" \/>\n<meta property=\"og:description\" content=\"[vc_row row_height_percent=&#8221;0&#8243; overlay_alpha=&#8221;50&#8243; gutter_size=&#8221;4&#8243; column_width_percent=&#8221;100&#8243; shift_y=&#8221;0&#8243; z_index=&#8221;0&#8243;][vc_column width=&#8221;1\/1&#8243;][vc_custom_heading text_size=&#8221;h3&#8243; separator=&#8221;yes&#8221;]Malattie e Disturbi[\/vc_custom_heading][vc_column_text text_lead=&#8221;yes&#8221; css_animation=&#8221;bottom-t-top&#8221; css=&#8221;.vc_custom_1599748471947{padding-top: 30px !important;padding-bottom: 30px !important;}&#8221;] L&#8217;ipertensione [&hellip;]\" \/>\n<meta property=\"og:url\" content=\"https:\/\/www.usabroadhc.com\/it\/mediateca-medica\/ipertensione\/\" \/>\n<meta property=\"og:site_name\" content=\"Vicenza - U.S.Abroad Medical Care\" \/>\n<meta property=\"article:publisher\" content=\"https:\/\/www.facebook.com\/usabroadhc\/\" \/>\n<meta property=\"article:modified_time\" content=\"2020-10-01T06:41:30+00:00\" \/>\n<meta name=\"twitter:card\" content=\"summary_large_image\" \/>\n<meta name=\"twitter:site\" content=\"@usabroadhc\" \/>\n<meta name=\"twitter:label1\" content=\"Tempo di lettura stimato\" \/>\n\t<meta name=\"twitter:data1\" content=\"2 minuti\" \/>\n<script type=\"application\/ld+json\" class=\"yoast-schema-graph\">{\"@context\":\"https:\\\/\\\/schema.org\",\"@graph\":[{\"@type\":\"WebPage\",\"@id\":\"https:\\\/\\\/www.usabroadhc.com\\\/it\\\/mediateca-medica\\\/ipertensione\\\/\",\"url\":\"https:\\\/\\\/www.usabroadhc.com\\\/it\\\/mediateca-medica\\\/ipertensione\\\/\",\"name\":\"Ipertensione - Vicenza - U.S.Abroad Medical Care\",\"isPartOf\":{\"@id\":\"https:\\\/\\\/www.usabroadhc.com\\\/it\\\/#website\"},\"datePublished\":\"2020-10-01T06:41:29+00:00\",\"dateModified\":\"2020-10-01T06:41:30+00:00\",\"breadcrumb\":{\"@id\":\"https:\\\/\\\/www.usabroadhc.com\\\/it\\\/mediateca-medica\\\/ipertensione\\\/#breadcrumb\"},\"inLanguage\":\"it-IT\",\"potentialAction\":[{\"@type\":\"ReadAction\",\"target\":[\"https:\\\/\\\/www.usabroadhc.com\\\/it\\\/mediateca-medica\\\/ipertensione\\\/\"]}]},{\"@type\":\"BreadcrumbList\",\"@id\":\"https:\\\/\\\/www.usabroadhc.com\\\/it\\\/mediateca-medica\\\/ipertensione\\\/#breadcrumb\",\"itemListElement\":[{\"@type\":\"ListItem\",\"position\":1,\"name\":\"Home\",\"item\":\"https:\\\/\\\/www.usabroadhc.com\\\/it\\\/\"},{\"@type\":\"ListItem\",\"position\":2,\"name\":\"Mediateca medica\",\"item\":\"https:\\\/\\\/www.usabroadhc.com\\\/it\\\/mediateca-medica\\\/\"},{\"@type\":\"ListItem\",\"position\":3,\"name\":\"Ipertensione\"}]},{\"@type\":\"WebSite\",\"@id\":\"https:\\\/\\\/www.usabroadhc.com\\\/it\\\/#website\",\"url\":\"https:\\\/\\\/www.usabroadhc.com\\\/it\\\/\",\"name\":\"U.S.Abroad Medical Care - Vicenza\",\"description\":\"Health, Dentist and medical care for Americans in Italy\",\"publisher\":{\"@id\":\"https:\\\/\\\/www.usabroadhc.com\\\/it\\\/#organization\"},\"potentialAction\":[{\"@type\":\"SearchAction\",\"target\":{\"@type\":\"EntryPoint\",\"urlTemplate\":\"https:\\\/\\\/www.usabroadhc.com\\\/it\\\/?s={search_term_string}\"},\"query-input\":{\"@type\":\"PropertyValueSpecification\",\"valueRequired\":true,\"valueName\":\"search_term_string\"}}],\"inLanguage\":\"it-IT\"},{\"@type\":\"Organization\",\"@id\":\"https:\\\/\\\/www.usabroadhc.com\\\/it\\\/#organization\",\"name\":\"USAbroad Health Care\",\"url\":\"https:\\\/\\\/www.usabroadhc.com\\\/it\\\/\",\"logo\":{\"@type\":\"ImageObject\",\"inLanguage\":\"it-IT\",\"@id\":\"https:\\\/\\\/www.usabroadhc.com\\\/it\\\/#\\\/schema\\\/logo\\\/image\\\/\",\"url\":\"https:\\\/\\\/www.usabroadhc.com\\\/wp-content\\\/uploads\\\/2016\\\/09\\\/USHC-logo-5A.png\",\"contentUrl\":\"https:\\\/\\\/www.usabroadhc.com\\\/wp-content\\\/uploads\\\/2016\\\/09\\\/USHC-logo-5A.png\",\"width\":323,\"height\":84,\"caption\":\"USAbroad Health Care\"},\"image\":{\"@id\":\"https:\\\/\\\/www.usabroadhc.com\\\/it\\\/#\\\/schema\\\/logo\\\/image\\\/\"},\"sameAs\":[\"https:\\\/\\\/www.facebook.com\\\/usabroadhc\\\/\",\"https:\\\/\\\/x.com\\\/usabroadhc\"]}]}<\/script>\n<!-- \/ Yoast SEO plugin. -->","yoast_head_json":{"title":"Ipertensione - Vicenza - U.S.Abroad Medical Care","robots":{"index":"index","follow":"follow","max-snippet":"max-snippet:-1","max-image-preview":"max-image-preview:large","max-video-preview":"max-video-preview:-1"},"canonical":"https:\/\/www.usabroadhc.com\/it\/mediateca-medica\/ipertensione\/","og_locale":"it_IT","og_type":"article","og_title":"Ipertensione - Vicenza - U.S.Abroad Medical Care","og_description":"[vc_row row_height_percent=&#8221;0&#8243; overlay_alpha=&#8221;50&#8243; gutter_size=&#8221;4&#8243; column_width_percent=&#8221;100&#8243; shift_y=&#8221;0&#8243; z_index=&#8221;0&#8243;][vc_column width=&#8221;1\/1&#8243;][vc_custom_heading text_size=&#8221;h3&#8243; separator=&#8221;yes&#8221;]Malattie e Disturbi[\/vc_custom_heading][vc_column_text text_lead=&#8221;yes&#8221; css_animation=&#8221;bottom-t-top&#8221; css=&#8221;.vc_custom_1599748471947{padding-top: 30px !important;padding-bottom: 30px !important;}&#8221;] L&#8217;ipertensione [&hellip;]","og_url":"https:\/\/www.usabroadhc.com\/it\/mediateca-medica\/ipertensione\/","og_site_name":"Vicenza - U.S.Abroad Medical Care","article_publisher":"https:\/\/www.facebook.com\/usabroadhc\/","article_modified_time":"2020-10-01T06:41:30+00:00","twitter_card":"summary_large_image","twitter_site":"@usabroadhc","twitter_misc":{"Tempo di lettura stimato":"2 minuti"},"schema":{"@context":"https:\/\/schema.org","@graph":[{"@type":"WebPage","@id":"https:\/\/www.usabroadhc.com\/it\/mediateca-medica\/ipertensione\/","url":"https:\/\/www.usabroadhc.com\/it\/mediateca-medica\/ipertensione\/","name":"Ipertensione - Vicenza - U.S.Abroad Medical Care","isPartOf":{"@id":"https:\/\/www.usabroadhc.com\/it\/#website"},"datePublished":"2020-10-01T06:41:29+00:00","dateModified":"2020-10-01T06:41:30+00:00","breadcrumb":{"@id":"https:\/\/www.usabroadhc.com\/it\/mediateca-medica\/ipertensione\/#breadcrumb"},"inLanguage":"it-IT","potentialAction":[{"@type":"ReadAction","target":["https:\/\/www.usabroadhc.com\/it\/mediateca-medica\/ipertensione\/"]}]},{"@type":"BreadcrumbList","@id":"https:\/\/www.usabroadhc.com\/it\/mediateca-medica\/ipertensione\/#breadcrumb","itemListElement":[{"@type":"ListItem","position":1,"name":"Home","item":"https:\/\/www.usabroadhc.com\/it\/"},{"@type":"ListItem","position":2,"name":"Mediateca medica","item":"https:\/\/www.usabroadhc.com\/it\/mediateca-medica\/"},{"@type":"ListItem","position":3,"name":"Ipertensione"}]},{"@type":"WebSite","@id":"https:\/\/www.usabroadhc.com\/it\/#website","url":"https:\/\/www.usabroadhc.com\/it\/","name":"U.S.Abroad Medical Care - Vicenza","description":"Health, Dentist and medical care for Americans in Italy","publisher":{"@id":"https:\/\/www.usabroadhc.com\/it\/#organization"},"potentialAction":[{"@type":"SearchAction","target":{"@type":"EntryPoint","urlTemplate":"https:\/\/www.usabroadhc.com\/it\/?s={search_term_string}"},"query-input":{"@type":"PropertyValueSpecification","valueRequired":true,"valueName":"search_term_string"}}],"inLanguage":"it-IT"},{"@type":"Organization","@id":"https:\/\/www.usabroadhc.com\/it\/#organization","name":"USAbroad Health Care","url":"https:\/\/www.usabroadhc.com\/it\/","logo":{"@type":"ImageObject","inLanguage":"it-IT","@id":"https:\/\/www.usabroadhc.com\/it\/#\/schema\/logo\/image\/","url":"https:\/\/www.usabroadhc.com\/wp-content\/uploads\/2016\/09\/USHC-logo-5A.png","contentUrl":"https:\/\/www.usabroadhc.com\/wp-content\/uploads\/2016\/09\/USHC-logo-5A.png","width":323,"height":84,"caption":"USAbroad Health Care"},"image":{"@id":"https:\/\/www.usabroadhc.com\/it\/#\/schema\/logo\/image\/"},"sameAs":["https:\/\/www.facebook.com\/usabroadhc\/","https:\/\/x.com\/usabroadhc"]}]}},"_links":{"self":[{"href":"https:\/\/www.usabroadhc.com\/it\/wp-json\/wp\/v2\/pages\/9186","targetHints":{"allow":["GET"]}}],"collection":[{"href":"https:\/\/www.usabroadhc.com\/it\/wp-json\/wp\/v2\/pages"}],"about":[{"href":"https:\/\/www.usabroadhc.com\/it\/wp-json\/wp\/v2\/types\/page"}],"author":[{"embeddable":true,"href":"https:\/\/www.usabroadhc.com\/it\/wp-json\/wp\/v2\/users\/2"}],"replies":[{"embeddable":true,"href":"https:\/\/www.usabroadhc.com\/it\/wp-json\/wp\/v2\/comments?post=9186"}],"version-history":[{"count":2,"href":"https:\/\/www.usabroadhc.com\/it\/wp-json\/wp\/v2\/pages\/9186\/revisions"}],"predecessor-version":[{"id":9188,"href":"https:\/\/www.usabroadhc.com\/it\/wp-json\/wp\/v2\/pages\/9186\/revisions\/9188"}],"up":[{"embeddable":true,"href":"https:\/\/www.usabroadhc.com\/it\/wp-json\/wp\/v2\/pages\/8922"}],"wp:attachment":[{"href":"https:\/\/www.usabroadhc.com\/it\/wp-json\/wp\/v2\/media?parent=9186"}],"curies":[{"name":"wp","href":"https:\/\/api.w.org\/{rel}","templated":true}]}}