{"id":9177,"date":"2020-10-01T08:32:27","date_gmt":"2020-10-01T06:32:27","guid":{"rendered":"https:\/\/www.usabroadhc.com\/mediateca-medica\/diabete\/"},"modified":"2020-10-01T08:32:28","modified_gmt":"2020-10-01T06:32:28","slug":"diabete","status":"publish","type":"page","link":"https:\/\/www.usabroadhc.com\/it\/mediateca-medica\/diabete\/","title":{"rendered":"Diabete"},"content":{"rendered":"<div class=\"wpb-content-wrapper\"><p>[vc_row row_height_percent=&#8221;0&#8243; overlay_alpha=&#8221;50&#8243; gutter_size=&#8221;4&#8243; column_width_percent=&#8221;100&#8243; shift_y=&#8221;0&#8243; z_index=&#8221;0&#8243;][vc_column width=&#8221;1\/1&#8243;][vc_custom_heading text_size=&#8221;h3&#8243; separator=&#8221;yes&#8221;]Malattie e Disturbi[\/vc_custom_heading][vc_column_text text_lead=&#8221;yes&#8221; css_animation=&#8221;bottom-t-top&#8221; css=&#8221;.vc_custom_1599746722206{padding-top: 30px !important;padding-bottom: 30px !important;}&#8221;]<\/p>\n<p>La maggior parte delle persone conosce il diabete 1 o il diabete 2, ma sei a conoscenza del tipo di diabete 3?!<\/p>\n<p><strong>Occorre non sottovalutare mai l\u2019importanza di una consulenza medica professionale nella ricerca di cure. Se pensi di avere un&#8217;emergenza medica, chiama immediatamente il tuo medico o chiama il 118.<\/strong><\/p>\n<p>[\/vc_column_text][vc_single_image media=&#8221;8002&#8243; media_width_percent=&#8221;100&#8243; shape=&#8221;img-round&#8221; radius=&#8221;lg&#8221; shadow=&#8221;yes&#8221; shadow_weight=&#8221;std&#8221; css_animation=&#8221;alpha-anim&#8221;][vc_empty_space empty_h=&#8221;2&#8243;][vc_custom_heading text_size=&#8221;h3&#8243; separator=&#8221;yes&#8221;]Descrizione della patologia[\/vc_custom_heading][vc_column_text text_lead=&#8221;yes&#8221; css_animation=&#8221;bottom-t-top&#8221; css=&#8221;.vc_custom_1599746751771{padding-top: 30px !important;padding-bottom: 30px !important;}&#8221;]<\/p>\n<p>Il diabete \u00e8 una malattia in cui i livelli di glucosio nel sangue, o zucchero nel sangue, sono troppo alti. Il glucosio proviene dagli alimenti che mangi. L&#8217;insulina \u00e8 un ormone che aiuta il glucosio a entrare nelle cellule per dare loro energia. Con il diabete di tipo 1, il tuo corpo non produce insulina. Con il diabete di tipo 2, il tipo pi\u00f9 comune, il tuo corpo non produce o non utilizza bene l&#8217;insulina. Senza abbastanza insulina, il glucosio rimane nel sangue. Puoi anche avere il prediabete. Ci\u00f2 significa che il livello di zucchero nel sangue \u00e8 pi\u00f9 alto del normale ma non abbastanza per definirsi diabete conclamato. Avere il prediabete ti espone a un rischio maggiore di contrarre il diabete di tipo 2.<\/p>\n<p>Con il passare del tempo, avere troppo glucosio nel sangue pu\u00f2 causare seri problemi. Pu\u00f2 danneggiare gli occhi, i reni e i nervi. Il diabete pu\u00f2 anche causare malattie cardiache, ictus e persino la necessit\u00e0 di rimuovere un arto. Le donne incinte possono anche contrarre il diabete, chiamato diabete gestazionale.<\/p>\n<p>Il diabete di tipo 1 \u00e8 noto come malattia autoimmune. Quando il corpo distrugge le cose buone nel suo corpo, come le cellule beta produttrici di insulina nel pancreas, ha quella che viene chiamata una malattia autoimmune.<\/p>\n<p>Un paziente con diagnosi di diabete di tipo 2 presenta uno dei seguenti problemi e talvolta entrambi; (a) non viene prodotta abbastanza insulina o (b) l&#8217;insulina non funziona correttamente (nota anche come &#8220;resistenza all&#8217;insulina&#8221;).<\/p>\n<p>Che cos&#8217;\u00e8 il diabete di tipo 3 e qual \u00e8 la connessione con la malattia di Alzheimer? Il diabete di tipo 3, che \u00e8 considerato quello legato specificatamente al cervello, non \u00e8 completamente compreso. \u00c8 necessario condurre infatti ulteriori ricerche per approfondire le diagnosi ed i trattamenti. Solo ulteriori studi permetteranno di comprendere appieno come aiutare le persone con diabete di tipo 3 e le implicazioni del suo collegamento con l&#8217;Alzheimer e la demenza. Si ritiene inoltre che il diabete di tipo 3 aumenti il \u200b\u200brischio di malattia di Alzheimer fino al 65%.<\/p>\n<p>Si ritiene inoltre che il diabete di tipo 3 colpisca le persone particolarmente sensibili ai dispositivi elettrici che emettono elettricit\u00e0 &#8220;sporca&#8221;. Il diabete di tipo 3, infatti, causa picchi glicemici e un aumento della frequenza cardiaca se c\u2019\u00e8 esposizione all&#8217;inquinamento elettrico da apparecchiature quali computer, televisori, telefoni cordless e cellulari e persino lampadine fluorescenti.<\/p>\n<p>[\/vc_column_text][vc_empty_space empty_h=&#8221;2&#8243;][\/vc_column][\/vc_row][vc_row][vc_column width=&#8221;1\/1&#8243;][uncode_block id=&#8221;8006&#8243;][\/vc_column][\/vc_row]<\/p>\n<\/div>","protected":false},"excerpt":{"rendered":"<p>[vc_row row_height_percent=&#8221;0&#8243; overlay_alpha=&#8221;50&#8243; gutter_size=&#8221;4&#8243; column_width_percent=&#8221;100&#8243; shift_y=&#8221;0&#8243; z_index=&#8221;0&#8243;][vc_column width=&#8221;1\/1&#8243;][vc_custom_heading text_size=&#8221;h3&#8243; separator=&#8221;yes&#8221;]Malattie e Disturbi[\/vc_custom_heading][vc_column_text text_lead=&#8221;yes&#8221; css_animation=&#8221;bottom-t-top&#8221; css=&#8221;.vc_custom_1599746722206{padding-top: 30px !important;padding-bottom: 30px !important;}&#8221;] La [&hellip;]<\/p>\n","protected":false},"author":2,"featured_media":0,"parent":8922,"menu_order":0,"comment_status":"closed","ping_status":"closed","template":"","meta":{"_monsterinsights_skip_tracking":false,"_monsterinsights_sitenote_active":false,"_monsterinsights_sitenote_note":"","_monsterinsights_sitenote_category":0,"footnotes":""},"class_list":["post-9177","page","type-page","status-publish","hentry","page_category-mediateca-medica"],"yoast_head":"<!-- This site is optimized with the Yoast SEO plugin v27.6 - https:\/\/yoast.com\/product\/yoast-seo-wordpress\/ -->\n<title>Diabete - Vicenza - U.S.Abroad Medical Care<\/title>\n<meta name=\"robots\" content=\"index, follow, max-snippet:-1, max-image-preview:large, max-video-preview:-1\" \/>\n<link rel=\"canonical\" href=\"https:\/\/www.usabroadhc.com\/it\/mediateca-medica\/diabete\/\" \/>\n<meta property=\"og:locale\" content=\"it_IT\" \/>\n<meta property=\"og:type\" content=\"article\" \/>\n<meta property=\"og:title\" content=\"Diabete - Vicenza - U.S.Abroad Medical Care\" \/>\n<meta property=\"og:description\" content=\"[vc_row row_height_percent=&#8221;0&#8243; overlay_alpha=&#8221;50&#8243; gutter_size=&#8221;4&#8243; column_width_percent=&#8221;100&#8243; shift_y=&#8221;0&#8243; z_index=&#8221;0&#8243;][vc_column width=&#8221;1\/1&#8243;][vc_custom_heading text_size=&#8221;h3&#8243; separator=&#8221;yes&#8221;]Malattie e Disturbi[\/vc_custom_heading][vc_column_text text_lead=&#8221;yes&#8221; css_animation=&#8221;bottom-t-top&#8221; css=&#8221;.vc_custom_1599746722206{padding-top: 30px !important;padding-bottom: 30px !important;}&#8221;] La [&hellip;]\" \/>\n<meta property=\"og:url\" content=\"https:\/\/www.usabroadhc.com\/it\/mediateca-medica\/diabete\/\" \/>\n<meta property=\"og:site_name\" content=\"Vicenza - U.S.Abroad Medical Care\" \/>\n<meta property=\"article:publisher\" content=\"https:\/\/www.facebook.com\/usabroadhc\/\" \/>\n<meta property=\"article:modified_time\" content=\"2020-10-01T06:32:28+00:00\" \/>\n<meta name=\"twitter:card\" content=\"summary_large_image\" \/>\n<meta name=\"twitter:site\" content=\"@usabroadhc\" \/>\n<meta name=\"twitter:label1\" content=\"Tempo di lettura stimato\" \/>\n\t<meta name=\"twitter:data1\" content=\"3 minuti\" \/>\n<script type=\"application\/ld+json\" class=\"yoast-schema-graph\">{\"@context\":\"https:\\\/\\\/schema.org\",\"@graph\":[{\"@type\":\"WebPage\",\"@id\":\"https:\\\/\\\/www.usabroadhc.com\\\/it\\\/mediateca-medica\\\/diabete\\\/\",\"url\":\"https:\\\/\\\/www.usabroadhc.com\\\/it\\\/mediateca-medica\\\/diabete\\\/\",\"name\":\"Diabete - Vicenza - U.S.Abroad Medical Care\",\"isPartOf\":{\"@id\":\"https:\\\/\\\/www.usabroadhc.com\\\/it\\\/#website\"},\"datePublished\":\"2020-10-01T06:32:27+00:00\",\"dateModified\":\"2020-10-01T06:32:28+00:00\",\"breadcrumb\":{\"@id\":\"https:\\\/\\\/www.usabroadhc.com\\\/it\\\/mediateca-medica\\\/diabete\\\/#breadcrumb\"},\"inLanguage\":\"it-IT\",\"potentialAction\":[{\"@type\":\"ReadAction\",\"target\":[\"https:\\\/\\\/www.usabroadhc.com\\\/it\\\/mediateca-medica\\\/diabete\\\/\"]}]},{\"@type\":\"BreadcrumbList\",\"@id\":\"https:\\\/\\\/www.usabroadhc.com\\\/it\\\/mediateca-medica\\\/diabete\\\/#breadcrumb\",\"itemListElement\":[{\"@type\":\"ListItem\",\"position\":1,\"name\":\"Home\",\"item\":\"https:\\\/\\\/www.usabroadhc.com\\\/it\\\/\"},{\"@type\":\"ListItem\",\"position\":2,\"name\":\"Mediateca medica\",\"item\":\"https:\\\/\\\/www.usabroadhc.com\\\/it\\\/mediateca-medica\\\/\"},{\"@type\":\"ListItem\",\"position\":3,\"name\":\"Diabete\"}]},{\"@type\":\"WebSite\",\"@id\":\"https:\\\/\\\/www.usabroadhc.com\\\/it\\\/#website\",\"url\":\"https:\\\/\\\/www.usabroadhc.com\\\/it\\\/\",\"name\":\"U.S.Abroad Medical Care - Vicenza\",\"description\":\"Health, Dentist and medical care for Americans in Italy\",\"publisher\":{\"@id\":\"https:\\\/\\\/www.usabroadhc.com\\\/it\\\/#organization\"},\"potentialAction\":[{\"@type\":\"SearchAction\",\"target\":{\"@type\":\"EntryPoint\",\"urlTemplate\":\"https:\\\/\\\/www.usabroadhc.com\\\/it\\\/?s={search_term_string}\"},\"query-input\":{\"@type\":\"PropertyValueSpecification\",\"valueRequired\":true,\"valueName\":\"search_term_string\"}}],\"inLanguage\":\"it-IT\"},{\"@type\":\"Organization\",\"@id\":\"https:\\\/\\\/www.usabroadhc.com\\\/it\\\/#organization\",\"name\":\"USAbroad Health Care\",\"url\":\"https:\\\/\\\/www.usabroadhc.com\\\/it\\\/\",\"logo\":{\"@type\":\"ImageObject\",\"inLanguage\":\"it-IT\",\"@id\":\"https:\\\/\\\/www.usabroadhc.com\\\/it\\\/#\\\/schema\\\/logo\\\/image\\\/\",\"url\":\"https:\\\/\\\/www.usabroadhc.com\\\/wp-content\\\/uploads\\\/2016\\\/09\\\/USHC-logo-5A.png\",\"contentUrl\":\"https:\\\/\\\/www.usabroadhc.com\\\/wp-content\\\/uploads\\\/2016\\\/09\\\/USHC-logo-5A.png\",\"width\":323,\"height\":84,\"caption\":\"USAbroad Health Care\"},\"image\":{\"@id\":\"https:\\\/\\\/www.usabroadhc.com\\\/it\\\/#\\\/schema\\\/logo\\\/image\\\/\"},\"sameAs\":[\"https:\\\/\\\/www.facebook.com\\\/usabroadhc\\\/\",\"https:\\\/\\\/x.com\\\/usabroadhc\"]}]}<\/script>\n<!-- \/ Yoast SEO plugin. -->","yoast_head_json":{"title":"Diabete - Vicenza - U.S.Abroad Medical Care","robots":{"index":"index","follow":"follow","max-snippet":"max-snippet:-1","max-image-preview":"max-image-preview:large","max-video-preview":"max-video-preview:-1"},"canonical":"https:\/\/www.usabroadhc.com\/it\/mediateca-medica\/diabete\/","og_locale":"it_IT","og_type":"article","og_title":"Diabete - Vicenza - U.S.Abroad Medical Care","og_description":"[vc_row row_height_percent=&#8221;0&#8243; overlay_alpha=&#8221;50&#8243; gutter_size=&#8221;4&#8243; column_width_percent=&#8221;100&#8243; shift_y=&#8221;0&#8243; z_index=&#8221;0&#8243;][vc_column width=&#8221;1\/1&#8243;][vc_custom_heading text_size=&#8221;h3&#8243; separator=&#8221;yes&#8221;]Malattie e Disturbi[\/vc_custom_heading][vc_column_text text_lead=&#8221;yes&#8221; css_animation=&#8221;bottom-t-top&#8221; css=&#8221;.vc_custom_1599746722206{padding-top: 30px !important;padding-bottom: 30px !important;}&#8221;] La [&hellip;]","og_url":"https:\/\/www.usabroadhc.com\/it\/mediateca-medica\/diabete\/","og_site_name":"Vicenza - U.S.Abroad Medical Care","article_publisher":"https:\/\/www.facebook.com\/usabroadhc\/","article_modified_time":"2020-10-01T06:32:28+00:00","twitter_card":"summary_large_image","twitter_site":"@usabroadhc","twitter_misc":{"Tempo di lettura stimato":"3 minuti"},"schema":{"@context":"https:\/\/schema.org","@graph":[{"@type":"WebPage","@id":"https:\/\/www.usabroadhc.com\/it\/mediateca-medica\/diabete\/","url":"https:\/\/www.usabroadhc.com\/it\/mediateca-medica\/diabete\/","name":"Diabete - Vicenza - U.S.Abroad Medical Care","isPartOf":{"@id":"https:\/\/www.usabroadhc.com\/it\/#website"},"datePublished":"2020-10-01T06:32:27+00:00","dateModified":"2020-10-01T06:32:28+00:00","breadcrumb":{"@id":"https:\/\/www.usabroadhc.com\/it\/mediateca-medica\/diabete\/#breadcrumb"},"inLanguage":"it-IT","potentialAction":[{"@type":"ReadAction","target":["https:\/\/www.usabroadhc.com\/it\/mediateca-medica\/diabete\/"]}]},{"@type":"BreadcrumbList","@id":"https:\/\/www.usabroadhc.com\/it\/mediateca-medica\/diabete\/#breadcrumb","itemListElement":[{"@type":"ListItem","position":1,"name":"Home","item":"https:\/\/www.usabroadhc.com\/it\/"},{"@type":"ListItem","position":2,"name":"Mediateca medica","item":"https:\/\/www.usabroadhc.com\/it\/mediateca-medica\/"},{"@type":"ListItem","position":3,"name":"Diabete"}]},{"@type":"WebSite","@id":"https:\/\/www.usabroadhc.com\/it\/#website","url":"https:\/\/www.usabroadhc.com\/it\/","name":"U.S.Abroad Medical Care - Vicenza","description":"Health, Dentist and medical care for Americans in Italy","publisher":{"@id":"https:\/\/www.usabroadhc.com\/it\/#organization"},"potentialAction":[{"@type":"SearchAction","target":{"@type":"EntryPoint","urlTemplate":"https:\/\/www.usabroadhc.com\/it\/?s={search_term_string}"},"query-input":{"@type":"PropertyValueSpecification","valueRequired":true,"valueName":"search_term_string"}}],"inLanguage":"it-IT"},{"@type":"Organization","@id":"https:\/\/www.usabroadhc.com\/it\/#organization","name":"USAbroad Health Care","url":"https:\/\/www.usabroadhc.com\/it\/","logo":{"@type":"ImageObject","inLanguage":"it-IT","@id":"https:\/\/www.usabroadhc.com\/it\/#\/schema\/logo\/image\/","url":"https:\/\/www.usabroadhc.com\/wp-content\/uploads\/2016\/09\/USHC-logo-5A.png","contentUrl":"https:\/\/www.usabroadhc.com\/wp-content\/uploads\/2016\/09\/USHC-logo-5A.png","width":323,"height":84,"caption":"USAbroad Health Care"},"image":{"@id":"https:\/\/www.usabroadhc.com\/it\/#\/schema\/logo\/image\/"},"sameAs":["https:\/\/www.facebook.com\/usabroadhc\/","https:\/\/x.com\/usabroadhc"]}]}},"_links":{"self":[{"href":"https:\/\/www.usabroadhc.com\/it\/wp-json\/wp\/v2\/pages\/9177","targetHints":{"allow":["GET"]}}],"collection":[{"href":"https:\/\/www.usabroadhc.com\/it\/wp-json\/wp\/v2\/pages"}],"about":[{"href":"https:\/\/www.usabroadhc.com\/it\/wp-json\/wp\/v2\/types\/page"}],"author":[{"embeddable":true,"href":"https:\/\/www.usabroadhc.com\/it\/wp-json\/wp\/v2\/users\/2"}],"replies":[{"embeddable":true,"href":"https:\/\/www.usabroadhc.com\/it\/wp-json\/wp\/v2\/comments?post=9177"}],"version-history":[{"count":2,"href":"https:\/\/www.usabroadhc.com\/it\/wp-json\/wp\/v2\/pages\/9177\/revisions"}],"predecessor-version":[{"id":9179,"href":"https:\/\/www.usabroadhc.com\/it\/wp-json\/wp\/v2\/pages\/9177\/revisions\/9179"}],"up":[{"embeddable":true,"href":"https:\/\/www.usabroadhc.com\/it\/wp-json\/wp\/v2\/pages\/8922"}],"wp:attachment":[{"href":"https:\/\/www.usabroadhc.com\/it\/wp-json\/wp\/v2\/media?parent=9177"}],"curies":[{"name":"wp","href":"https:\/\/api.w.org\/{rel}","templated":true}]}}