{"id":8946,"date":"2020-09-25T16:44:22","date_gmt":"2020-09-25T14:44:22","guid":{"rendered":"https:\/\/www.usabroadhc.com\/cardiologia\/"},"modified":"2020-10-01T09:00:40","modified_gmt":"2020-10-01T07:00:40","slug":"cardiologia","status":"publish","type":"page","link":"https:\/\/www.usabroadhc.com\/it\/cardiologia\/","title":{"rendered":"Cardiologia"},"content":{"rendered":"<div class=\"wpb-content-wrapper\"><p>[vc_row row_height_percent=&#8221;0&#8243; overlay_alpha=&#8221;50&#8243; gutter_size=&#8221;4&#8243; column_width_percent=&#8221;100&#8243; shift_y=&#8221;0&#8243; z_index=&#8221;0&#8243;][vc_column width=&#8221;2\/3&#8243;][vc_single_image media=&#8221;6401&#8243; media_width_percent=&#8221;100&#8243; shape=&#8221;img-round&#8221; radius=&#8221;lg&#8221; shadow=&#8221;yes&#8221; shadow_weight=&#8221;std&#8221; css_animation=&#8221;alpha-anim&#8221;][vc_column_text text_lead=&#8221;yes&#8221; css_animation=&#8221;bottom-t-top&#8221; css=&#8221;.vc_custom_1598545787142{padding-top: 30px !important;padding-bottom: 30px !important;}&#8221;]I nostri specialisti medici forniscono un&#8217;eccellente esperienza di assistenza cardiologica nella valutazione, nel trattamento e nella gestione delle malattie cardiache e coronariche. I nostri team multidisciplinari si prodigano al fine di assicurare che l&#8217;assistenza fornita sia eccellente e pensata sulla base delle esigenze del paziente. L&#8217;obiettivo \u00e8 sempre quello di portare miglioramenti alle condizioni mediche dei pazienti durante qualsiasi protocollo di trattamento intrapreso. Poich\u00e9 le malattie cardiache sono la principale causa di morte tra gli americani, i pazienti possono aspettarsi il pi\u00f9 alto livello di attenzione e diligenza in questo campo della medicina da parte di U.S.Abroad Health Care. Vi invitiamo a fare un controllo cardiologico. \u00c8 rassicurante sapere di fare ci\u00f2 che \u00e8 meglio per la propria salute. E la visita da parte di un medico specializzato diventa ancora pi\u00f9 urgente quando si manifestano i seguenti sintomi:[\/vc_column_text][vc_separator sep_color=&#8221;color-174312&#8243; css_animation=&#8221;alpha-anim&#8221; el_width=&#8221;100%&#8221; el_height=&#8221;1&#8243;][vc_empty_space empty_h=&#8221;2&#8243;][vc_row_inner][vc_column_inner width=&#8221;1\/2&#8243;][vc_custom_heading text_size=&#8221;h3&#8243; separator=&#8221;yes&#8221;]Se si verificano sintomi come:[\/vc_custom_heading][uncode_list icon=&#8221;fa fa-plus&#8221; icon_color=&#8221;color-vyce&#8221; css_animation=&#8221;alpha-anim&#8221;]<\/p>\n<ul>\n<li>Dolore al petto<\/li>\n<li>Fiato corto<\/li>\n<li>Dolore, intorpidimento, debolezza o freddo alle gambe o alle braccia<\/li>\n<li>Dolore al collo, alla mascella, alla gola, alla parte superiore dell&#8217;addome o alla schiena<\/li>\n<\/ul>\n<p>[\/uncode_list][\/vc_column_inner][vc_column_inner width=&#8221;1\/2&#8243;][vc_custom_heading text_size=&#8221;h3&#8243; separator=&#8221;yes&#8221;]Condizioni che trattiamo:[\/vc_custom_heading][uncode_list icon=&#8221;fa fa-plus&#8221; icon_color=&#8221;color-vyce&#8221; css_animation=&#8221;alpha-anim&#8221;]<\/p>\n<ul>\n<li>Angina<\/li>\n<li>Aritmia<\/li>\n<li>Aterosclerosi, arteriosclerosi o sclerosi arteriosa<\/li>\n<li>Fibrillazione atriale<\/li>\n<li>Cardiomiopatia<\/li>\n<li>Insufficienza cardiaca congestizia<\/li>\n<li>Coronaropatia<\/li>\n<li>Infarto coronarico<\/li>\n<li>Colesterolo alto<\/li>\n<li>Ipertensione<\/li>\n<li>Tachicardia<\/li>\n<li>Cardiopatia valvolare<\/li>\n<\/ul>\n<p>[\/uncode_list][\/vc_column_inner][\/vc_row_inner][vc_empty_space empty_h=&#8221;2&#8243;][vc_separator sep_color=&#8221;color-174312&#8243; css_animation=&#8221;alpha-anim&#8221; el_width=&#8221;100%&#8221; el_height=&#8221;1&#8243;][vc_empty_space empty_h=&#8221;2&#8243;][vc_row_inner][vc_column_inner width=&#8221;1\/1&#8243;][vc_button button_color=&#8221;color-732610&#8243; size=&#8221;btn-lg&#8221; radius=&#8221;btn-round&#8221; wide=&#8221;yes&#8221; hover_fx=&#8221;full-colored&#8221; shadow=&#8221;yes&#8221; shadow_weight=&#8221;lg&#8221; border_width=&#8221;0&#8243; css_animation=&#8221;bottom-t-top&#8221; link=&#8221;url:https%3A%2F%2Fwww.usabroadhc.com%2Fit%2Fappuntamenti%2F|title:Appuntamenti|&#8221;]Richiedete un appuntamento[\/vc_button][vc_column_text]Per richiedere un appuntamento con la U.S.ABroad Health Care, chiamate allo 0444 914398 o compilate il modulo di richiesta appuntamento. Riceverete una chiamata entro 2-3 ore per verificare la vostra richiesta.[\/vc_column_text][\/vc_column_inner][\/vc_row_inner][\/vc_column][vc_column column_width_percent=&#8221;100&#8243; gutter_size=&#8221;3&#8243; overlay_alpha=&#8221;50&#8243; shift_x=&#8221;0&#8243; shift_y=&#8221;0&#8243; shift_y_down=&#8221;0&#8243; z_index=&#8221;0&#8243; medium_width=&#8221;0&#8243; mobile_width=&#8221;0&#8243; css_animation=&#8221;alpha-anim&#8221; animation_delay=&#8221;300&#8243; sticky=&#8221;yes&#8221; width=&#8221;1\/3&#8243;][vc_custom_heading text_size=&#8221;h3&#8243; separator=&#8221;yes&#8221; separator_color=&#8221;yes&#8221; sub_reduced=&#8221;yes&#8221;]Orario di Apertura[\/vc_custom_heading][vc_row_inner row_inner_height_percent=&#8221;0&#8243; overlay_alpha=&#8221;50&#8243; gutter_size=&#8221;3&#8243; shift_y=&#8221;0&#8243; z_index=&#8221;0&#8243; bottom_divider=&#8221;step_1_2&#8243; css=&#8221;.vc_custom_1598609268400{margin-top: 20px !important;padding-top: 0px !important;padding-bottom: 30px !important;}&#8221;][vc_column_inner column_width_percent=&#8221;100&#8243; gutter_size=&#8221;0&#8243; overlay_alpha=&#8221;50&#8243; shift_x=&#8221;0&#8243; shift_y=&#8221;0&#8243; shift_y_down=&#8221;0&#8243; z_index=&#8221;0&#8243; medium_width=&#8221;0&#8243; mobile_width=&#8221;4&#8243; width=&#8221;1\/2&#8243;][vc_column_text]Luned\u00ec &#8211; Domenica[\/vc_column_text][\/vc_column_inner][vc_column_inner column_width_percent=&#8221;100&#8243; gutter_size=&#8221;0&#8243; overlay_alpha=&#8221;50&#8243; shift_x=&#8221;0&#8243; shift_y=&#8221;0&#8243; shift_y_down=&#8221;0&#8243; z_index=&#8221;0&#8243; medium_width=&#8221;0&#8243; mobile_width=&#8221;4&#8243; width=&#8221;1\/2&#8243;][vc_column_text]24 ore su 24[\/vc_column_text][\/vc_column_inner][\/vc_row_inner][vc_custom_heading text_size=&#8221;h3&#8243; separator=&#8221;yes&#8221; separator_color=&#8221;yes&#8221; sub_reduced=&#8221;yes&#8221;]Contatti per Assistenza medica e urgente 24 ore su 24, 7 giorni su 7[\/vc_custom_heading][vc_row_inner row_inner_height_percent=&#8221;0&#8243; overlay_alpha=&#8221;50&#8243; gutter_size=&#8221;3&#8243; border_color=&#8221;color-gyho&#8221; border_style=&#8221;solid&#8221; shift_y=&#8221;0&#8243; z_index=&#8221;0&#8243; css=&#8221;.vc_custom_1598609293363{margin-top: 20px !important;margin-bottom: 0px !important;border-bottom-width: 1px !important;padding-top: 0px !important;padding-bottom: 0px !important;}&#8221;][vc_column_inner column_width_percent=&#8221;100&#8243; gutter_size=&#8221;0&#8243; overlay_alpha=&#8221;50&#8243; shift_x=&#8221;0&#8243; shift_y=&#8221;0&#8243; shift_y_down=&#8221;0&#8243; z_index=&#8221;0&#8243; medium_width=&#8221;0&#8243; mobile_width=&#8221;4&#8243; width=&#8221;1\/2&#8243; css=&#8221;.vc_custom_1598605372109{padding-bottom: 0px !important;}&#8221;][vc_column_text]Emergenza[\/vc_column_text][\/vc_column_inner][vc_column_inner column_width_percent=&#8221;100&#8243; gutter_size=&#8221;0&#8243; overlay_alpha=&#8221;50&#8243; shift_x=&#8221;0&#8243; shift_y=&#8221;0&#8243; shift_y_down=&#8221;0&#8243; z_index=&#8221;0&#8243; medium_width=&#8221;0&#8243; mobile_width=&#8221;4&#8243; width=&#8221;1\/2&#8243;][vc_column_text css=&#8221;.vc_custom_1598605303422{padding-top: 0px !important;}&#8221;]348.783.6291[\/vc_column_text][\/vc_column_inner][\/vc_row_inner][vc_row_inner row_inner_height_percent=&#8221;0&#8243; overlay_alpha=&#8221;50&#8243; gutter_size=&#8221;3&#8243; border_color=&#8221;color-gyho&#8221; border_style=&#8221;solid&#8221; shift_y=&#8221;0&#8243; z_index=&#8221;0&#8243; css=&#8221;.vc_custom_1598605738622{margin-top: 0px !important;margin-bottom: 0px !important;border-bottom-width: 1px !important;padding-top: 0px !important;padding-bottom: 0px !important;}&#8221;][vc_column_inner column_width_percent=&#8221;100&#8243; gutter_size=&#8221;0&#8243; overlay_alpha=&#8221;50&#8243; shift_x=&#8221;0&#8243; shift_y=&#8221;0&#8243; shift_y_down=&#8221;0&#8243; z_index=&#8221;0&#8243; medium_width=&#8221;0&#8243; mobile_width=&#8221;4&#8243; width=&#8221;1\/2&#8243; css=&#8221;.vc_custom_1598605414000{padding-bottom: 0px !important;}&#8221;][vc_column_text css=&#8221;.vc_custom_1598604183539{margin-bottom: 0px !important;padding-bottom: 0px !important;}&#8221;]Salute Mentale[\/vc_column_text][\/vc_column_inner][vc_column_inner column_width_percent=&#8221;100&#8243; gutter_size=&#8221;3&#8243; overlay_alpha=&#8221;50&#8243; shift_x=&#8221;0&#8243; shift_y=&#8221;0&#8243; shift_y_down=&#8221;0&#8243; z_index=&#8221;0&#8243; medium_width=&#8221;0&#8243; mobile_width=&#8221;4&#8243; width=&#8221;1\/2&#8243; css=&#8221;.vc_custom_1598605421109{padding-bottom: 0px !important;}&#8221;][vc_column_text css=&#8221;.vc_custom_1598604174864{margin-bottom: 0px !important;padding-bottom: 0px !important;}&#8221;]800.809.999[\/vc_column_text][\/vc_column_inner][\/vc_row_inner][vc_row_inner row_inner_height_percent=&#8221;0&#8243; overlay_alpha=&#8221;50&#8243; gutter_size=&#8221;3&#8243; shift_y=&#8221;0&#8243; z_index=&#8221;0&#8243; css=&#8221;.vc_custom_1598609166191{margin-top: 0px !important;padding-top: 0px !important;padding-bottom: 30px !important;}&#8221;][vc_column_inner column_width_percent=&#8221;100&#8243; gutter_size=&#8221;3&#8243; overlay_alpha=&#8221;50&#8243; shift_x=&#8221;0&#8243; shift_y=&#8221;0&#8243; shift_y_down=&#8221;0&#8243; z_index=&#8221;0&#8243; medium_width=&#8221;0&#8243; mobile_width=&#8221;4&#8243; width=&#8221;1\/2&#8243;][vc_column_text]Prevenzione del suicidio[\/vc_column_text][\/vc_column_inner][vc_column_inner column_width_percent=&#8221;100&#8243; gutter_size=&#8221;0&#8243; overlay_alpha=&#8221;50&#8243; shift_x=&#8221;0&#8243; shift_y=&#8221;0&#8243; shift_y_down=&#8221;0&#8243; z_index=&#8221;0&#8243; medium_width=&#8221;0&#8243; mobile_width=&#8221;4&#8243; width=&#8221;1\/2&#8243;][vc_column_text]800.809.999[\/vc_column_text][\/vc_column_inner][\/vc_row_inner][vc_custom_heading text_size=&#8221;h3&#8243; separator=&#8221;yes&#8221; separator_color=&#8221;yes&#8221; sub_reduced=&#8221;yes&#8221;]Lingue parlate[\/vc_custom_heading][vc_row_inner row_inner_height_percent=&#8221;0&#8243; overlay_alpha=&#8221;50&#8243; gutter_size=&#8221;3&#8243; border_color=&#8221;color-gyho&#8221; border_style=&#8221;solid&#8221; shift_y=&#8221;0&#8243; z_index=&#8221;0&#8243; css=&#8221;.vc_custom_1598609304419{margin-top: 20px !important;margin-bottom: 0px !important;border-bottom-width: 1px !important;padding-top: 0px !important;padding-bottom: 0px !important;}&#8221;][vc_column_inner column_width_percent=&#8221;100&#8243; gutter_size=&#8221;0&#8243; overlay_alpha=&#8221;50&#8243; shift_x=&#8221;0&#8243; shift_y=&#8221;0&#8243; shift_y_down=&#8221;0&#8243; z_index=&#8221;0&#8243; medium_width=&#8221;0&#8243; mobile_width=&#8221;4&#8243; width=&#8221;1\/2&#8243; css=&#8221;.vc_custom_1598605372109{padding-bottom: 0px !important;}&#8221;][vc_column_text]Inglese[\/vc_column_text][\/vc_column_inner][vc_column_inner column_width_percent=&#8221;100&#8243; gutter_size=&#8221;0&#8243; overlay_alpha=&#8221;50&#8243; shift_x=&#8221;0&#8243; shift_y=&#8221;0&#8243; shift_y_down=&#8221;0&#8243; z_index=&#8221;0&#8243; medium_width=&#8221;0&#8243; mobile_width=&#8221;4&#8243; width=&#8221;1\/2&#8243;][vc_column_text css=&#8221;.vc_custom_1598605552186{padding-top: 0px !important;}&#8221;]Si[\/vc_column_text][\/vc_column_inner][\/vc_row_inner][vc_row_inner row_inner_height_percent=&#8221;0&#8243; overlay_alpha=&#8221;50&#8243; gutter_size=&#8221;3&#8243; shift_y=&#8221;0&#8243; z_index=&#8221;0&#8243; css=&#8221;.vc_custom_1598609157395{margin-top: 0px !important;padding-top: 0px !important;padding-bottom: 30px !important;}&#8221;][vc_column_inner column_width_percent=&#8221;100&#8243; gutter_size=&#8221;0&#8243; overlay_alpha=&#8221;50&#8243; shift_x=&#8221;0&#8243; shift_y=&#8221;0&#8243; shift_y_down=&#8221;0&#8243; z_index=&#8221;0&#8243; medium_width=&#8221;0&#8243; mobile_width=&#8221;4&#8243; width=&#8221;1\/2&#8243; css=&#8221;.vc_custom_1598605372109{padding-bottom: 0px !important;}&#8221;][vc_column_text]Italiano[\/vc_column_text][\/vc_column_inner][vc_column_inner column_width_percent=&#8221;100&#8243; gutter_size=&#8221;0&#8243; overlay_alpha=&#8221;50&#8243; shift_x=&#8221;0&#8243; shift_y=&#8221;0&#8243; shift_y_down=&#8221;0&#8243; z_index=&#8221;0&#8243; medium_width=&#8221;0&#8243; mobile_width=&#8221;4&#8243; width=&#8221;1\/2&#8243;][vc_column_text css=&#8221;.vc_custom_1598605552186{padding-top: 0px !important;}&#8221;]Si[\/vc_column_text][\/vc_column_inner][\/vc_row_inner][vc_custom_heading text_size=&#8221;h3&#8243; separator=&#8221;yes&#8221; separator_color=&#8221;yes&#8221; sub_reduced=&#8221;yes&#8221;]Posizione[\/vc_custom_heading][vc_row_inner row_inner_height_percent=&#8221;0&#8243; overlay_alpha=&#8221;50&#8243; gutter_size=&#8221;3&#8243; border_color=&#8221;color-gyho&#8221; border_style=&#8221;solid&#8221; shift_y=&#8221;0&#8243; z_index=&#8221;0&#8243; css=&#8221;.vc_custom_1598609313335{margin-top: 20px !important;margin-bottom: 0px !important;border-bottom-width: 0px !important;padding-top: 0px !important;padding-bottom: 0px !important;}&#8221;][vc_column_inner column_width_percent=&#8221;100&#8243; gutter_size=&#8221;0&#8243; overlay_alpha=&#8221;50&#8243; shift_x=&#8221;0&#8243; shift_y=&#8221;0&#8243; shift_y_down=&#8221;0&#8243; z_index=&#8221;0&#8243; medium_width=&#8221;0&#8243; mobile_width=&#8221;4&#8243; width=&#8221;1\/2&#8243; css=&#8221;.vc_custom_1598605372109{padding-bottom: 0px !important;}&#8221;][vc_column_text]Come raggiungerci[\/vc_column_text][\/vc_column_inner][vc_column_inner column_width_percent=&#8221;100&#8243; gutter_size=&#8221;0&#8243; overlay_alpha=&#8221;50&#8243; shift_x=&#8221;0&#8243; shift_y=&#8221;0&#8243; shift_y_down=&#8221;0&#8243; z_index=&#8221;0&#8243; medium_width=&#8221;0&#8243; mobile_width=&#8221;4&#8243; width=&#8221;1\/2&#8243;][vc_column_text css=&#8221;.vc_custom_1598609078420{padding-top: 0px !important;}&#8221;]<a href=\"https:\/\/www.google.com\/maps\/place\/Viale+della+Pace,+232,+36100+Vicenza+VI,+Italy\/@45.5411998,11.574184,17z\/data=!3m1!4b1!4m5!3m4!1s0x477f31f4db350c8d:0x4281f51def8fb33a!8m2!3d45.5396639!4d11.583067?\" target=\"_blank\" rel=\"noopener noreferrer\">U.S. Abroad HC<\/a>[\/vc_column_text][\/vc_column_inner][\/vc_row_inner][\/vc_column][\/vc_row][vc_row][vc_column width=&#8221;1\/1&#8243;][uncode_block id=&#8221;7872&#8243;][\/vc_column][\/vc_row]<\/p>\n<\/div>","protected":false},"excerpt":{"rendered":"<p>[vc_row row_height_percent=&#8221;0&#8243; overlay_alpha=&#8221;50&#8243; gutter_size=&#8221;4&#8243; column_width_percent=&#8221;100&#8243; shift_y=&#8221;0&#8243; z_index=&#8221;0&#8243;][vc_column width=&#8221;2\/3&#8243;][vc_single_image media=&#8221;6401&#8243; media_width_percent=&#8221;100&#8243; shape=&#8221;img-round&#8221; radius=&#8221;lg&#8221; shadow=&#8221;yes&#8221; shadow_weight=&#8221;std&#8221; css_animation=&#8221;alpha-anim&#8221;][vc_column_text text_lead=&#8221;yes&#8221; css_animation=&#8221;bottom-t-top&#8221; css=&#8221;.vc_custom_1598545787142{padding-top: 30px !important;padding-bottom: [&hellip;]<\/p>\n","protected":false},"author":1,"featured_media":6401,"parent":0,"menu_order":0,"comment_status":"closed","ping_status":"closed","template":"","meta":{"_monsterinsights_skip_tracking":false,"_monsterinsights_sitenote_active":false,"_monsterinsights_sitenote_note":"","_monsterinsights_sitenote_category":0,"footnotes":""},"class_list":["post-8946","page","type-page","status-publish","has-post-thumbnail","hentry","page_category-servizi"],"yoast_head":"<!-- This site is optimized with the Yoast SEO plugin v27.5 - https:\/\/yoast.com\/product\/yoast-seo-wordpress\/ -->\n<title>Cardiologia - Vicenza - U.S.Abroad Medical Care<\/title>\n<meta name=\"robots\" content=\"index, follow, max-snippet:-1, max-image-preview:large, max-video-preview:-1\" \/>\n<link rel=\"canonical\" href=\"https:\/\/www.usabroadhc.com\/it\/cardiologia\/\" \/>\n<meta property=\"og:locale\" content=\"it_IT\" \/>\n<meta property=\"og:type\" content=\"article\" \/>\n<meta property=\"og:title\" content=\"Cardiologia - Vicenza - U.S.Abroad Medical Care\" \/>\n<meta property=\"og:description\" content=\"[vc_row row_height_percent=&#8221;0&#8243; overlay_alpha=&#8221;50&#8243; gutter_size=&#8221;4&#8243; column_width_percent=&#8221;100&#8243; shift_y=&#8221;0&#8243; z_index=&#8221;0&#8243;][vc_column width=&#8221;2\/3&#8243;][vc_single_image media=&#8221;6401&#8243; media_width_percent=&#8221;100&#8243; shape=&#8221;img-round&#8221; radius=&#8221;lg&#8221; shadow=&#8221;yes&#8221; shadow_weight=&#8221;std&#8221; css_animation=&#8221;alpha-anim&#8221;][vc_column_text text_lead=&#8221;yes&#8221; css_animation=&#8221;bottom-t-top&#8221; css=&#8221;.vc_custom_1598545787142{padding-top: 30px !important;padding-bottom: [&hellip;]\" \/>\n<meta property=\"og:url\" content=\"https:\/\/www.usabroadhc.com\/it\/cardiologia\/\" \/>\n<meta property=\"og:site_name\" content=\"Vicenza - U.S.Abroad Medical Care\" \/>\n<meta property=\"article:publisher\" content=\"https:\/\/www.facebook.com\/usabroadhc\/\" \/>\n<meta property=\"article:modified_time\" content=\"2020-10-01T07:00:40+00:00\" \/>\n<meta property=\"og:image\" content=\"https:\/\/www.usabroadhc.com\/wp-content\/uploads\/2014\/01\/health-heart.jpg\" \/>\n\t<meta property=\"og:image:width\" content=\"620\" \/>\n\t<meta property=\"og:image:height\" content=\"345\" \/>\n\t<meta property=\"og:image:type\" content=\"image\/jpeg\" \/>\n<meta name=\"twitter:card\" content=\"summary_large_image\" \/>\n<meta name=\"twitter:site\" content=\"@usabroadhc\" \/>\n<meta name=\"twitter:label1\" content=\"Tempo di lettura stimato\" \/>\n\t<meta name=\"twitter:data1\" content=\"7 minuti\" \/>\n<script type=\"application\/ld+json\" class=\"yoast-schema-graph\">{\"@context\":\"https:\\\/\\\/schema.org\",\"@graph\":[{\"@type\":\"WebPage\",\"@id\":\"https:\\\/\\\/www.usabroadhc.com\\\/it\\\/cardiologia\\\/\",\"url\":\"https:\\\/\\\/www.usabroadhc.com\\\/it\\\/cardiologia\\\/\",\"name\":\"Cardiologia - Vicenza - U.S.Abroad Medical Care\",\"isPartOf\":{\"@id\":\"https:\\\/\\\/www.usabroadhc.com\\\/it\\\/#website\"},\"primaryImageOfPage\":{\"@id\":\"https:\\\/\\\/www.usabroadhc.com\\\/it\\\/cardiologia\\\/#primaryimage\"},\"image\":{\"@id\":\"https:\\\/\\\/www.usabroadhc.com\\\/it\\\/cardiologia\\\/#primaryimage\"},\"thumbnailUrl\":\"https:\\\/\\\/www.usabroadhc.com\\\/wp-content\\\/uploads\\\/2014\\\/01\\\/health-heart.jpg\",\"datePublished\":\"2020-09-25T14:44:22+00:00\",\"dateModified\":\"2020-10-01T07:00:40+00:00\",\"breadcrumb\":{\"@id\":\"https:\\\/\\\/www.usabroadhc.com\\\/it\\\/cardiologia\\\/#breadcrumb\"},\"inLanguage\":\"it-IT\",\"potentialAction\":[{\"@type\":\"ReadAction\",\"target\":[\"https:\\\/\\\/www.usabroadhc.com\\\/it\\\/cardiologia\\\/\"]}]},{\"@type\":\"ImageObject\",\"inLanguage\":\"it-IT\",\"@id\":\"https:\\\/\\\/www.usabroadhc.com\\\/it\\\/cardiologia\\\/#primaryimage\",\"url\":\"https:\\\/\\\/www.usabroadhc.com\\\/wp-content\\\/uploads\\\/2014\\\/01\\\/health-heart.jpg\",\"contentUrl\":\"https:\\\/\\\/www.usabroadhc.com\\\/wp-content\\\/uploads\\\/2014\\\/01\\\/health-heart.jpg\",\"width\":620,\"height\":345,\"caption\":\"health Heart\"},{\"@type\":\"BreadcrumbList\",\"@id\":\"https:\\\/\\\/www.usabroadhc.com\\\/it\\\/cardiologia\\\/#breadcrumb\",\"itemListElement\":[{\"@type\":\"ListItem\",\"position\":1,\"name\":\"Home\",\"item\":\"https:\\\/\\\/www.usabroadhc.com\\\/it\\\/\"},{\"@type\":\"ListItem\",\"position\":2,\"name\":\"Cardiologia\"}]},{\"@type\":\"WebSite\",\"@id\":\"https:\\\/\\\/www.usabroadhc.com\\\/it\\\/#website\",\"url\":\"https:\\\/\\\/www.usabroadhc.com\\\/it\\\/\",\"name\":\"U.S.Abroad Medical Care - Vicenza\",\"description\":\"Health, Dentist and medical care for Americans in Italy\",\"publisher\":{\"@id\":\"https:\\\/\\\/www.usabroadhc.com\\\/it\\\/#organization\"},\"potentialAction\":[{\"@type\":\"SearchAction\",\"target\":{\"@type\":\"EntryPoint\",\"urlTemplate\":\"https:\\\/\\\/www.usabroadhc.com\\\/it\\\/?s={search_term_string}\"},\"query-input\":{\"@type\":\"PropertyValueSpecification\",\"valueRequired\":true,\"valueName\":\"search_term_string\"}}],\"inLanguage\":\"it-IT\"},{\"@type\":\"Organization\",\"@id\":\"https:\\\/\\\/www.usabroadhc.com\\\/it\\\/#organization\",\"name\":\"USAbroad Health Care\",\"url\":\"https:\\\/\\\/www.usabroadhc.com\\\/it\\\/\",\"logo\":{\"@type\":\"ImageObject\",\"inLanguage\":\"it-IT\",\"@id\":\"https:\\\/\\\/www.usabroadhc.com\\\/it\\\/#\\\/schema\\\/logo\\\/image\\\/\",\"url\":\"https:\\\/\\\/www.usabroadhc.com\\\/wp-content\\\/uploads\\\/2016\\\/09\\\/USHC-logo-5A.png\",\"contentUrl\":\"https:\\\/\\\/www.usabroadhc.com\\\/wp-content\\\/uploads\\\/2016\\\/09\\\/USHC-logo-5A.png\",\"width\":323,\"height\":84,\"caption\":\"USAbroad Health Care\"},\"image\":{\"@id\":\"https:\\\/\\\/www.usabroadhc.com\\\/it\\\/#\\\/schema\\\/logo\\\/image\\\/\"},\"sameAs\":[\"https:\\\/\\\/www.facebook.com\\\/usabroadhc\\\/\",\"https:\\\/\\\/x.com\\\/usabroadhc\"]}]}<\/script>\n<!-- \/ Yoast SEO plugin. -->","yoast_head_json":{"title":"Cardiologia - Vicenza - U.S.Abroad Medical Care","robots":{"index":"index","follow":"follow","max-snippet":"max-snippet:-1","max-image-preview":"max-image-preview:large","max-video-preview":"max-video-preview:-1"},"canonical":"https:\/\/www.usabroadhc.com\/it\/cardiologia\/","og_locale":"it_IT","og_type":"article","og_title":"Cardiologia - Vicenza - U.S.Abroad Medical Care","og_description":"[vc_row row_height_percent=&#8221;0&#8243; overlay_alpha=&#8221;50&#8243; gutter_size=&#8221;4&#8243; column_width_percent=&#8221;100&#8243; shift_y=&#8221;0&#8243; z_index=&#8221;0&#8243;][vc_column width=&#8221;2\/3&#8243;][vc_single_image media=&#8221;6401&#8243; media_width_percent=&#8221;100&#8243; shape=&#8221;img-round&#8221; radius=&#8221;lg&#8221; shadow=&#8221;yes&#8221; shadow_weight=&#8221;std&#8221; css_animation=&#8221;alpha-anim&#8221;][vc_column_text text_lead=&#8221;yes&#8221; css_animation=&#8221;bottom-t-top&#8221; css=&#8221;.vc_custom_1598545787142{padding-top: 30px !important;padding-bottom: [&hellip;]","og_url":"https:\/\/www.usabroadhc.com\/it\/cardiologia\/","og_site_name":"Vicenza - U.S.Abroad Medical Care","article_publisher":"https:\/\/www.facebook.com\/usabroadhc\/","article_modified_time":"2020-10-01T07:00:40+00:00","og_image":[{"width":620,"height":345,"url":"https:\/\/www.usabroadhc.com\/wp-content\/uploads\/2014\/01\/health-heart.jpg","type":"image\/jpeg"}],"twitter_card":"summary_large_image","twitter_site":"@usabroadhc","twitter_misc":{"Tempo di lettura stimato":"7 minuti"},"schema":{"@context":"https:\/\/schema.org","@graph":[{"@type":"WebPage","@id":"https:\/\/www.usabroadhc.com\/it\/cardiologia\/","url":"https:\/\/www.usabroadhc.com\/it\/cardiologia\/","name":"Cardiologia - Vicenza - U.S.Abroad Medical Care","isPartOf":{"@id":"https:\/\/www.usabroadhc.com\/it\/#website"},"primaryImageOfPage":{"@id":"https:\/\/www.usabroadhc.com\/it\/cardiologia\/#primaryimage"},"image":{"@id":"https:\/\/www.usabroadhc.com\/it\/cardiologia\/#primaryimage"},"thumbnailUrl":"https:\/\/www.usabroadhc.com\/wp-content\/uploads\/2014\/01\/health-heart.jpg","datePublished":"2020-09-25T14:44:22+00:00","dateModified":"2020-10-01T07:00:40+00:00","breadcrumb":{"@id":"https:\/\/www.usabroadhc.com\/it\/cardiologia\/#breadcrumb"},"inLanguage":"it-IT","potentialAction":[{"@type":"ReadAction","target":["https:\/\/www.usabroadhc.com\/it\/cardiologia\/"]}]},{"@type":"ImageObject","inLanguage":"it-IT","@id":"https:\/\/www.usabroadhc.com\/it\/cardiologia\/#primaryimage","url":"https:\/\/www.usabroadhc.com\/wp-content\/uploads\/2014\/01\/health-heart.jpg","contentUrl":"https:\/\/www.usabroadhc.com\/wp-content\/uploads\/2014\/01\/health-heart.jpg","width":620,"height":345,"caption":"health Heart"},{"@type":"BreadcrumbList","@id":"https:\/\/www.usabroadhc.com\/it\/cardiologia\/#breadcrumb","itemListElement":[{"@type":"ListItem","position":1,"name":"Home","item":"https:\/\/www.usabroadhc.com\/it\/"},{"@type":"ListItem","position":2,"name":"Cardiologia"}]},{"@type":"WebSite","@id":"https:\/\/www.usabroadhc.com\/it\/#website","url":"https:\/\/www.usabroadhc.com\/it\/","name":"U.S.Abroad Medical Care - Vicenza","description":"Health, Dentist and medical care for Americans in Italy","publisher":{"@id":"https:\/\/www.usabroadhc.com\/it\/#organization"},"potentialAction":[{"@type":"SearchAction","target":{"@type":"EntryPoint","urlTemplate":"https:\/\/www.usabroadhc.com\/it\/?s={search_term_string}"},"query-input":{"@type":"PropertyValueSpecification","valueRequired":true,"valueName":"search_term_string"}}],"inLanguage":"it-IT"},{"@type":"Organization","@id":"https:\/\/www.usabroadhc.com\/it\/#organization","name":"USAbroad Health Care","url":"https:\/\/www.usabroadhc.com\/it\/","logo":{"@type":"ImageObject","inLanguage":"it-IT","@id":"https:\/\/www.usabroadhc.com\/it\/#\/schema\/logo\/image\/","url":"https:\/\/www.usabroadhc.com\/wp-content\/uploads\/2016\/09\/USHC-logo-5A.png","contentUrl":"https:\/\/www.usabroadhc.com\/wp-content\/uploads\/2016\/09\/USHC-logo-5A.png","width":323,"height":84,"caption":"USAbroad Health Care"},"image":{"@id":"https:\/\/www.usabroadhc.com\/it\/#\/schema\/logo\/image\/"},"sameAs":["https:\/\/www.facebook.com\/usabroadhc\/","https:\/\/x.com\/usabroadhc"]}]}},"_links":{"self":[{"href":"https:\/\/www.usabroadhc.com\/it\/wp-json\/wp\/v2\/pages\/8946","targetHints":{"allow":["GET"]}}],"collection":[{"href":"https:\/\/www.usabroadhc.com\/it\/wp-json\/wp\/v2\/pages"}],"about":[{"href":"https:\/\/www.usabroadhc.com\/it\/wp-json\/wp\/v2\/types\/page"}],"author":[{"embeddable":true,"href":"https:\/\/www.usabroadhc.com\/it\/wp-json\/wp\/v2\/users\/1"}],"replies":[{"embeddable":true,"href":"https:\/\/www.usabroadhc.com\/it\/wp-json\/wp\/v2\/comments?post=8946"}],"version-history":[{"count":11,"href":"https:\/\/www.usabroadhc.com\/it\/wp-json\/wp\/v2\/pages\/8946\/revisions"}],"predecessor-version":[{"id":9271,"href":"https:\/\/www.usabroadhc.com\/it\/wp-json\/wp\/v2\/pages\/8946\/revisions\/9271"}],"wp:featuredmedia":[{"embeddable":true,"href":"https:\/\/www.usabroadhc.com\/it\/wp-json\/wp\/v2\/media\/6401"}],"wp:attachment":[{"href":"https:\/\/www.usabroadhc.com\/it\/wp-json\/wp\/v2\/media?parent=8946"}],"curies":[{"name":"wp","href":"https:\/\/api.w.org\/{rel}","templated":true}]}}