{"id":8848,"date":"2020-09-18T16:13:11","date_gmt":"2020-09-18T14:13:11","guid":{"rendered":"https:\/\/www.usabroadhc.com\/about-u-s-abroad-health-care\/"},"modified":"2024-09-23T17:02:34","modified_gmt":"2024-09-23T15:02:34","slug":"about-u-s-abroad-health-care","status":"publish","type":"page","link":"https:\/\/www.usabroadhc.com\/it\/about-u-s-abroad-health-care\/","title":{"rendered":"About U.S.Abroad Health Care"},"content":{"rendered":"<div class=\"wpb-content-wrapper\"><p>[vc_row row_height_percent=&#8221;0&#8243; overlay_alpha=&#8221;50&#8243; gutter_size=&#8221;3&#8243; column_width_percent=&#8221;100&#8243; shift_y=&#8221;0&#8243; z_index=&#8221;0&#8243;][vc_column width=&#8221;1\/2&#8243;][vc_gallery el_id=&#8221;gallery-110333&#8243; type=&#8221;carousel&#8221; medias=&#8221;9496,6692,9494&#8243; carousel_lg=&#8221;1&#8243; carousel_md=&#8221;1&#8243; carousel_sm=&#8221;1&#8243; thumb_size=&#8221;sixteen-nine&#8221; gutter_size=&#8221;3&#8243; media_items=&#8221;media|nolink|original,icon&#8221; carousel_interval=&#8221;3000&#8243; carousel_navspeed=&#8221;400&#8243; carousel_loop=&#8221;yes&#8221; carousel_nav=&#8221;yes&#8221; stage_padding=&#8221;0&#8243; single_shape=&#8221;round&#8221; radius=&#8221;lg&#8221; single_overlay_opacity=&#8221;50&#8243; single_image_anim=&#8221;no&#8221; single_padding=&#8221;2&#8243; single_shadow=&#8221;yes&#8221; shadow_weight=&#8221;lg&#8221; single_border=&#8221;yes&#8221; uncode_shortcode_id=&#8221;553199&#8243;][\/vc_column][vc_column column_width_percent=&#8221;100&#8243; position_vertical=&#8221;middle&#8221; gutter_size=&#8221;3&#8243; overlay_alpha=&#8221;50&#8243; shift_x=&#8221;0&#8243; shift_y=&#8221;0&#8243; shift_y_down=&#8221;0&#8243; z_index=&#8221;0&#8243; medium_width=&#8221;0&#8243; mobile_width=&#8221;0&#8243; width=&#8221;1\/2&#8243;][vc_custom_heading separator=&#8221;yes&#8221; sub_lead=&#8221;yes&#8221; subheading=&#8221;Benvenuti in U.S.ABroadhc.com, un&apos;organizzazione sanitaria che fornisce a persone che parlano inglese in Italia e agli italiani i migliori servizi medici e farmaceutici. Il personale di U.S.ABroad Health Care si dedica al benessere e alla salute dei suoi pazienti attraverso le sue varie sedi in Italia.&#8221;]Americani in Italia &#8211; U.S. Abroad Health Care[\/vc_custom_heading][\/vc_column][\/vc_row][vc_row row_height_percent=&#8221;0&#8243; overlay_alpha=&#8221;50&#8243; gutter_size=&#8221;3&#8243; column_width_percent=&#8221;100&#8243; shift_y=&#8221;0&#8243; z_index=&#8221;0&#8243;][vc_column width=&#8221;1\/1&#8243;][vc_separator sep_color=&#8221;color-174312&#8243; el_width=&#8221;100%&#8221; el_height=&#8221;1&#8243;][\/vc_column][\/vc_row][vc_row row_height_percent=&#8221;0&#8243; overlay_alpha=&#8221;50&#8243; gutter_size=&#8221;3&#8243; column_width_percent=&#8221;100&#8243; shift_y=&#8221;0&#8243; z_index=&#8221;0&#8243;][vc_column width=&#8221;1\/1&#8243;][vc_custom_heading separator=&#8221;yes&#8221;]I Vantaggi[\/vc_custom_heading][vc_accordion active_tab=&#8221;0&#8243;][vc_accordion_tab title=&#8221;L\u2019assistenza Sanitaria sulla quale si pu\u00f2 veramente fare affidamento&#8221; tab_id=&#8221;1598524712-1-80&#8243;][vc_custom_heading sub_lead=&#8221;yes&#8221; subheading=&#8221;L&apos;obiettivo generale di U.S.Abroad Health Care \u00e8 quello di far crescere la propria organizzazione per portare le sue cliniche e la migliore assistenza sanitaria ai suoi pazienti in tutta Italia. U.S.Abroad Health Care offre un vasto spettro di discipline mediche, per garantire ai propri pazienti le soluzioni ottimali alle loro diverse esigenze di salute, sempre e puntualmente, con competenza, cortesia e convenienza.&#8221;]Fiducia e affidabilit\u00e0[\/vc_custom_heading][\/vc_accordion_tab][vc_accordion_tab title=&#8221;Il Paziente E\u2019 La Priorit\u00e0 Numero Uno&#8221; tab_id=&#8221;1598524712-2-92&#8243;][vc_custom_heading sub_lead=&#8221;yes&#8221; subheading=&#8221;Dall&apos;affrontare qualsiasi problema di salute iniziale dei suoi pazienti, alla diagnosi, al trattamento dalle condizioni mediche semplici a quelle pi\u00f9 complesse e al follow-up, U.S.Abroad Health Care \u00e8 attivamente presente per fornire supporto con un&apos;attenzione senza pari. E la comodit\u00e0 va oltre l&apos;assistenza sanitaria per se, per includere un completo supporto linguistico inglese-italiano, terminando con la fatturazione diretta all&apos;assicuratore dei propri pazienti di tutti i servizi resi, consentendo agli stessi di evitare il fastidio di dover gestire da soli questo noioso compito. State certi che i nostri servizi sanitari sono aperti a tutti.&#8221;]Supporto al paziente con impareggiabile attenzione[\/vc_custom_heading][\/vc_accordion_tab][vc_accordion_tab title=&#8221;CURE MEDICHE IN ITALIA \u2013 APPLICATE CON EMPATIA&#8221; tab_id=&#8221;1598524757600-2-3&#8243;][vc_custom_heading sub_lead=&#8221;yes&#8221; subheading=&#8221;L&apos;ingrediente aggiunto che fa la differenza per tutto ci\u00f2 che uno pu\u00f2 fare per il prossimo, \u00e8 la dedizione sincera. Infatti, con questo importante ingrediente, le relazioni tra operatori sanitari e pazienti diventano molto pi\u00f9 significative, portando a una migliore comprensione, un migliore processo decisionale e quindi, un migliore trattamento. Tutto ci\u00f2 rafforza la fiducia e la serenit\u00e0 del paziente. per gli americani delle forze armate degli Stati Uniti e per i civili allo stesso modo, sapere che che possano contare su un servizio santiario fatto di persone sinceramente dedicate ha un valore inestimabile. &#8220;]Sincera Dedizione[\/vc_custom_heading][\/vc_accordion_tab][vc_accordion_tab title=&#8221;CURE URGENTI 24\/7&#8243; tab_id=&#8221;1598524788595-3-0&#8243;][vc_custom_heading sub_lead=&#8221;yes&#8221; subheading=&#8221;Non lasciatevi condizionare dalla scomodit\u00e0 delle vostre esigenze, compreso l\u2019aspetto dell\u2019orario. il nostro team medico pu\u00f2 prendersi cura delle vostre necessit\u00e0 urgenti, con l\u2019eccezione di quelle dove esiste il rischio di vita per il paziente.  fuori orario chiamate ai seguenti numeri:  Urgenze: 348 7836291  Salute mentale e Prevenzione suicidi: 800 809999&#8243;]Ci prendiamo cura di voi &#8230; giorno e notte[\/vc_custom_heading][\/vc_accordion_tab][\/vc_accordion][\/vc_column][\/vc_row][vc_row row_height_percent=&#8221;0&#8243; overlay_alpha=&#8221;50&#8243; gutter_size=&#8221;3&#8243; column_width_percent=&#8221;100&#8243; shift_y=&#8221;0&#8243; z_index=&#8221;0&#8243;][vc_column width=&#8221;1\/1&#8243;][vc_separator sep_color=&#8221;color-174312&#8243; el_width=&#8221;100%&#8221; el_height=&#8221;1&#8243;][\/vc_column][\/vc_row][vc_row row_height_percent=&#8221;0&#8243; overlay_alpha=&#8221;50&#8243; gutter_size=&#8221;3&#8243; column_width_percent=&#8221;100&#8243; shift_y=&#8221;0&#8243; z_index=&#8221;0&#8243;][vc_column width=&#8221;1\/1&#8243;][vc_custom_heading separator=&#8221;yes&#8221;]Statistiche[\/vc_custom_heading][vc_progress_bar values=&#8221;%5B%7B%22label%22%3A%22Assistenza%20Primaria%22%2C%22value%22%3A%2292%22%2C%22bar_color%22%3A%22color-174312%22%7D%2C%7B%22label%22%3A%22Odontoiatria%22%2C%22value%22%3A%2264%22%2C%22bar_color%22%3A%22color-174312%22%7D%2C%7B%22label%22%3A%22Ginecologia%22%2C%22value%22%3A%2287%22%2C%22bar_color%22%3A%22color-174312%22%7D%2C%7B%22label%22%3A%22Chirurgia%22%2C%22value%22%3A%2275%22%2C%22bar_color%22%3A%22color-174312%22%7D%2C%7B%22label%22%3A%22Psicoterapia%22%2C%22value%22%3A%2282%22%2C%22bar_color%22%3A%22color-174312%22%7D%2C%7B%22label%22%3A%22Radiografia%22%2C%22value%22%3A%2255%22%2C%22bar_color%22%3A%22color-174312%22%7D%5D&#8221; css_animation=&#8221;alpha-anim&#8221; units=&#8221;%&#8221;][vc_empty_space empty_h=&#8221;4&#8243;][\/vc_column][\/vc_row]<\/p>\n<\/div>","protected":false},"excerpt":{"rendered":"<p>[vc_row row_height_percent=&#8221;0&#8243; overlay_alpha=&#8221;50&#8243; gutter_size=&#8221;3&#8243; column_width_percent=&#8221;100&#8243; shift_y=&#8221;0&#8243; z_index=&#8221;0&#8243;][vc_column width=&#8221;1\/2&#8243;][vc_gallery el_id=&#8221;gallery-110333&#8243; type=&#8221;carousel&#8221; medias=&#8221;9496,6692,9494&#8243; carousel_lg=&#8221;1&#8243; carousel_md=&#8221;1&#8243; carousel_sm=&#8221;1&#8243; thumb_size=&#8221;sixteen-nine&#8221; gutter_size=&#8221;3&#8243; media_items=&#8221;media|nolink|original,icon&#8221; carousel_interval=&#8221;3000&#8243; carousel_navspeed=&#8221;400&#8243; carousel_loop=&#8221;yes&#8221; [&hellip;]<\/p>\n","protected":false},"author":3,"featured_media":0,"parent":0,"menu_order":0,"comment_status":"closed","ping_status":"closed","template":"","meta":{"_monsterinsights_skip_tracking":false,"_monsterinsights_sitenote_active":false,"_monsterinsights_sitenote_note":"","_monsterinsights_sitenote_category":0,"footnotes":""},"class_list":["post-8848","page","type-page","status-publish","hentry"],"yoast_head":"<!-- This site is optimized with the Yoast SEO plugin v27.5 - https:\/\/yoast.com\/product\/yoast-seo-wordpress\/ -->\n<title>About U.S.Abroad Health Care - Vicenza - U.S.Abroad Medical Care<\/title>\n<meta name=\"robots\" content=\"index, follow, max-snippet:-1, max-image-preview:large, max-video-preview:-1\" \/>\n<link rel=\"canonical\" href=\"https:\/\/www.usabroadhc.com\/it\/about-u-s-abroad-health-care\/\" \/>\n<meta property=\"og:locale\" content=\"it_IT\" \/>\n<meta property=\"og:type\" content=\"article\" \/>\n<meta property=\"og:title\" content=\"About U.S.Abroad Health Care - Vicenza - U.S.Abroad Medical Care\" \/>\n<meta property=\"og:description\" content=\"[vc_row row_height_percent=&#8221;0&#8243; overlay_alpha=&#8221;50&#8243; gutter_size=&#8221;3&#8243; column_width_percent=&#8221;100&#8243; shift_y=&#8221;0&#8243; z_index=&#8221;0&#8243;][vc_column width=&#8221;1\/2&#8243;][vc_gallery el_id=&#8221;gallery-110333&#8243; type=&#8221;carousel&#8221; medias=&#8221;9496,6692,9494&#8243; carousel_lg=&#8221;1&#8243; carousel_md=&#8221;1&#8243; carousel_sm=&#8221;1&#8243; thumb_size=&#8221;sixteen-nine&#8221; gutter_size=&#8221;3&#8243; media_items=&#8221;media|nolink|original,icon&#8221; carousel_interval=&#8221;3000&#8243; carousel_navspeed=&#8221;400&#8243; carousel_loop=&#8221;yes&#8221; [&hellip;]\" \/>\n<meta property=\"og:url\" content=\"https:\/\/www.usabroadhc.com\/it\/about-u-s-abroad-health-care\/\" \/>\n<meta property=\"og:site_name\" content=\"Vicenza - U.S.Abroad Medical Care\" \/>\n<meta property=\"article:publisher\" content=\"https:\/\/www.facebook.com\/usabroadhc\/\" \/>\n<meta property=\"article:modified_time\" content=\"2024-09-23T15:02:34+00:00\" \/>\n<meta name=\"twitter:card\" content=\"summary_large_image\" \/>\n<meta name=\"twitter:site\" content=\"@usabroadhc\" \/>\n<meta name=\"twitter:label1\" content=\"Tempo di lettura stimato\" \/>\n\t<meta name=\"twitter:data1\" content=\"4 minuti\" \/>\n<script type=\"application\/ld+json\" class=\"yoast-schema-graph\">{\"@context\":\"https:\\\/\\\/schema.org\",\"@graph\":[{\"@type\":\"WebPage\",\"@id\":\"https:\\\/\\\/www.usabroadhc.com\\\/it\\\/about-u-s-abroad-health-care\\\/\",\"url\":\"https:\\\/\\\/www.usabroadhc.com\\\/it\\\/about-u-s-abroad-health-care\\\/\",\"name\":\"About U.S.Abroad Health Care - Vicenza - U.S.Abroad Medical Care\",\"isPartOf\":{\"@id\":\"https:\\\/\\\/www.usabroadhc.com\\\/it\\\/#website\"},\"datePublished\":\"2020-09-18T14:13:11+00:00\",\"dateModified\":\"2024-09-23T15:02:34+00:00\",\"breadcrumb\":{\"@id\":\"https:\\\/\\\/www.usabroadhc.com\\\/it\\\/about-u-s-abroad-health-care\\\/#breadcrumb\"},\"inLanguage\":\"it-IT\",\"potentialAction\":[{\"@type\":\"ReadAction\",\"target\":[\"https:\\\/\\\/www.usabroadhc.com\\\/it\\\/about-u-s-abroad-health-care\\\/\"]}]},{\"@type\":\"BreadcrumbList\",\"@id\":\"https:\\\/\\\/www.usabroadhc.com\\\/it\\\/about-u-s-abroad-health-care\\\/#breadcrumb\",\"itemListElement\":[{\"@type\":\"ListItem\",\"position\":1,\"name\":\"Home\",\"item\":\"https:\\\/\\\/www.usabroadhc.com\\\/it\\\/\"},{\"@type\":\"ListItem\",\"position\":2,\"name\":\"About U.S.Abroad Health Care\"}]},{\"@type\":\"WebSite\",\"@id\":\"https:\\\/\\\/www.usabroadhc.com\\\/it\\\/#website\",\"url\":\"https:\\\/\\\/www.usabroadhc.com\\\/it\\\/\",\"name\":\"U.S.Abroad Medical Care - Vicenza\",\"description\":\"Health, Dentist and medical care for Americans in Italy\",\"publisher\":{\"@id\":\"https:\\\/\\\/www.usabroadhc.com\\\/it\\\/#organization\"},\"potentialAction\":[{\"@type\":\"SearchAction\",\"target\":{\"@type\":\"EntryPoint\",\"urlTemplate\":\"https:\\\/\\\/www.usabroadhc.com\\\/it\\\/?s={search_term_string}\"},\"query-input\":{\"@type\":\"PropertyValueSpecification\",\"valueRequired\":true,\"valueName\":\"search_term_string\"}}],\"inLanguage\":\"it-IT\"},{\"@type\":\"Organization\",\"@id\":\"https:\\\/\\\/www.usabroadhc.com\\\/it\\\/#organization\",\"name\":\"USAbroad Health Care\",\"url\":\"https:\\\/\\\/www.usabroadhc.com\\\/it\\\/\",\"logo\":{\"@type\":\"ImageObject\",\"inLanguage\":\"it-IT\",\"@id\":\"https:\\\/\\\/www.usabroadhc.com\\\/it\\\/#\\\/schema\\\/logo\\\/image\\\/\",\"url\":\"https:\\\/\\\/www.usabroadhc.com\\\/wp-content\\\/uploads\\\/2016\\\/09\\\/USHC-logo-5A.png\",\"contentUrl\":\"https:\\\/\\\/www.usabroadhc.com\\\/wp-content\\\/uploads\\\/2016\\\/09\\\/USHC-logo-5A.png\",\"width\":323,\"height\":84,\"caption\":\"USAbroad Health Care\"},\"image\":{\"@id\":\"https:\\\/\\\/www.usabroadhc.com\\\/it\\\/#\\\/schema\\\/logo\\\/image\\\/\"},\"sameAs\":[\"https:\\\/\\\/www.facebook.com\\\/usabroadhc\\\/\",\"https:\\\/\\\/x.com\\\/usabroadhc\"]}]}<\/script>\n<!-- \/ Yoast SEO plugin. -->","yoast_head_json":{"title":"About U.S.Abroad Health Care - Vicenza - U.S.Abroad Medical Care","robots":{"index":"index","follow":"follow","max-snippet":"max-snippet:-1","max-image-preview":"max-image-preview:large","max-video-preview":"max-video-preview:-1"},"canonical":"https:\/\/www.usabroadhc.com\/it\/about-u-s-abroad-health-care\/","og_locale":"it_IT","og_type":"article","og_title":"About U.S.Abroad Health Care - Vicenza - U.S.Abroad Medical Care","og_description":"[vc_row row_height_percent=&#8221;0&#8243; overlay_alpha=&#8221;50&#8243; gutter_size=&#8221;3&#8243; column_width_percent=&#8221;100&#8243; shift_y=&#8221;0&#8243; z_index=&#8221;0&#8243;][vc_column width=&#8221;1\/2&#8243;][vc_gallery el_id=&#8221;gallery-110333&#8243; type=&#8221;carousel&#8221; medias=&#8221;9496,6692,9494&#8243; carousel_lg=&#8221;1&#8243; carousel_md=&#8221;1&#8243; carousel_sm=&#8221;1&#8243; thumb_size=&#8221;sixteen-nine&#8221; gutter_size=&#8221;3&#8243; media_items=&#8221;media|nolink|original,icon&#8221; carousel_interval=&#8221;3000&#8243; carousel_navspeed=&#8221;400&#8243; carousel_loop=&#8221;yes&#8221; [&hellip;]","og_url":"https:\/\/www.usabroadhc.com\/it\/about-u-s-abroad-health-care\/","og_site_name":"Vicenza - U.S.Abroad Medical Care","article_publisher":"https:\/\/www.facebook.com\/usabroadhc\/","article_modified_time":"2024-09-23T15:02:34+00:00","twitter_card":"summary_large_image","twitter_site":"@usabroadhc","twitter_misc":{"Tempo di lettura stimato":"4 minuti"},"schema":{"@context":"https:\/\/schema.org","@graph":[{"@type":"WebPage","@id":"https:\/\/www.usabroadhc.com\/it\/about-u-s-abroad-health-care\/","url":"https:\/\/www.usabroadhc.com\/it\/about-u-s-abroad-health-care\/","name":"About U.S.Abroad Health Care - Vicenza - U.S.Abroad Medical Care","isPartOf":{"@id":"https:\/\/www.usabroadhc.com\/it\/#website"},"datePublished":"2020-09-18T14:13:11+00:00","dateModified":"2024-09-23T15:02:34+00:00","breadcrumb":{"@id":"https:\/\/www.usabroadhc.com\/it\/about-u-s-abroad-health-care\/#breadcrumb"},"inLanguage":"it-IT","potentialAction":[{"@type":"ReadAction","target":["https:\/\/www.usabroadhc.com\/it\/about-u-s-abroad-health-care\/"]}]},{"@type":"BreadcrumbList","@id":"https:\/\/www.usabroadhc.com\/it\/about-u-s-abroad-health-care\/#breadcrumb","itemListElement":[{"@type":"ListItem","position":1,"name":"Home","item":"https:\/\/www.usabroadhc.com\/it\/"},{"@type":"ListItem","position":2,"name":"About U.S.Abroad Health Care"}]},{"@type":"WebSite","@id":"https:\/\/www.usabroadhc.com\/it\/#website","url":"https:\/\/www.usabroadhc.com\/it\/","name":"U.S.Abroad Medical Care - Vicenza","description":"Health, Dentist and medical care for Americans in Italy","publisher":{"@id":"https:\/\/www.usabroadhc.com\/it\/#organization"},"potentialAction":[{"@type":"SearchAction","target":{"@type":"EntryPoint","urlTemplate":"https:\/\/www.usabroadhc.com\/it\/?s={search_term_string}"},"query-input":{"@type":"PropertyValueSpecification","valueRequired":true,"valueName":"search_term_string"}}],"inLanguage":"it-IT"},{"@type":"Organization","@id":"https:\/\/www.usabroadhc.com\/it\/#organization","name":"USAbroad Health Care","url":"https:\/\/www.usabroadhc.com\/it\/","logo":{"@type":"ImageObject","inLanguage":"it-IT","@id":"https:\/\/www.usabroadhc.com\/it\/#\/schema\/logo\/image\/","url":"https:\/\/www.usabroadhc.com\/wp-content\/uploads\/2016\/09\/USHC-logo-5A.png","contentUrl":"https:\/\/www.usabroadhc.com\/wp-content\/uploads\/2016\/09\/USHC-logo-5A.png","width":323,"height":84,"caption":"USAbroad Health Care"},"image":{"@id":"https:\/\/www.usabroadhc.com\/it\/#\/schema\/logo\/image\/"},"sameAs":["https:\/\/www.facebook.com\/usabroadhc\/","https:\/\/x.com\/usabroadhc"]}]}},"_links":{"self":[{"href":"https:\/\/www.usabroadhc.com\/it\/wp-json\/wp\/v2\/pages\/8848","targetHints":{"allow":["GET"]}}],"collection":[{"href":"https:\/\/www.usabroadhc.com\/it\/wp-json\/wp\/v2\/pages"}],"about":[{"href":"https:\/\/www.usabroadhc.com\/it\/wp-json\/wp\/v2\/types\/page"}],"author":[{"embeddable":true,"href":"https:\/\/www.usabroadhc.com\/it\/wp-json\/wp\/v2\/users\/3"}],"replies":[{"embeddable":true,"href":"https:\/\/www.usabroadhc.com\/it\/wp-json\/wp\/v2\/comments?post=8848"}],"version-history":[{"count":18,"href":"https:\/\/www.usabroadhc.com\/it\/wp-json\/wp\/v2\/pages\/8848\/revisions"}],"predecessor-version":[{"id":9500,"href":"https:\/\/www.usabroadhc.com\/it\/wp-json\/wp\/v2\/pages\/8848\/revisions\/9500"}],"wp:attachment":[{"href":"https:\/\/www.usabroadhc.com\/it\/wp-json\/wp\/v2\/media?parent=8848"}],"curies":[{"name":"wp","href":"https:\/\/api.w.org\/{rel}","templated":true}]}}